{"id":112,"date":"2018-02-18T15:04:11","date_gmt":"2018-02-18T14:04:11","guid":{"rendered":"http:\/\/demo.athemes.com\/astrid\/?page_id=112"},"modified":"2018-12-09T19:34:42","modified_gmt":"2018-12-09T18:34:42","slug":"dessouchage-grignotage","status":"publish","type":"page","link":"https:\/\/arboriste-tree-felling.com\/index.php\/dessouchage-grignotage\/","title":{"rendered":"Dessouchage \/ Grignotage"},"content":{"rendered":"<p style=\"text-align: justify;\"><em>Dessouchage, Grignotage et enl\u00e8vement de souche.<\/em><!--more--><\/p>\n<p style=\"text-align: justify;\">Apr\u00e8s l&rsquo;abattage de vos arbres, un grignotage ou un dessouchage peut \u00eatre effectu\u00e9 afin de permettre un r\u00e9engazonnement ou une replantation d&rsquo;arbres et arbustes d&rsquo;ornement.<\/p>\n<p>Pour les interventions de grignotage nous mettons un point d&rsquo;honneur \u00e0 utiliser uniquement des huiles biod\u00e9gradables et sans impact pour votre jardin. Nous utilisons ces huiles en milieu arboricole prot\u00e9g\u00e9 et dans des zones naturelles sensibles comme les \u00e9coles, les parcs ou les espaces accueillant du publique.<\/p>\n<p>Pour les interventions de dessouchage nous cherchons de plus en plus \u00e0 remplacer le mat\u00e9riel thermique (\u00e0 essence) par des solutions \u00e9lectriques ayant un impact beaucoup plus limit\u00e9 en termes de nuisance sonore (moins 50%) et d&rsquo;impact \u00e9cologique.<\/p>\n<p>De plus notre soci\u00e9t\u00e9 souhaite \u00eatre au plus proche de vos attentes pour l&rsquo;entretien de votre patrimoine arbor\u00e9 et c&rsquo;est pourquoi nous vous proposons un large \u00e9ventail de solution pour vos demandes d&rsquo;enl\u00e8vement de souche.<\/p>\n","protected":false},"excerpt":{"rendered":"<p>Dessouchage, Grignotage et enl\u00e8vement de souche.<\/p>\n","protected":false},"author":2,"featured_media":324,"parent":0,"menu_order":0,"comment_status":"closed","ping_status":"closed","template":"page-templates\/single-service.php","meta":{"footnotes":""},"class_list":["post-112","page","type-page","status-publish","has-post-thumbnail","hentry","clearfix"],"_links":{"self":[{"href":"https:\/\/arboriste-tree-felling.com\/index.php\/wp-json\/wp\/v2\/pages\/112","targetHints":{"allow":["GET"]}}],"collection":[{"href":"https:\/\/arboriste-tree-felling.com\/index.php\/wp-json\/wp\/v2\/pages"}],"about":[{"href":"https:\/\/arboriste-tree-felling.com\/index.php\/wp-json\/wp\/v2\/types\/page"}],"author":[{"embeddable":true,"href":"https:\/\/arboriste-tree-felling.com\/index.php\/wp-json\/wp\/v2\/users\/2"}],"replies":[{"embeddable":true,"href":"https:\/\/arboriste-tree-felling.com\/index.php\/wp-json\/wp\/v2\/comments?post=112"}],"version-history":[{"count":7,"href":"https:\/\/arboriste-tree-felling.com\/index.php\/wp-json\/wp\/v2\/pages\/112\/revisions"}],"predecessor-version":[{"id":677,"href":"https:\/\/arboriste-tree-felling.com\/index.php\/wp-json\/wp\/v2\/pages\/112\/revisions\/677"}],"wp:featuredmedia":[{"embeddable":true,"href":"https:\/\/arboriste-tree-felling.com\/index.php\/wp-json\/wp\/v2\/media\/324"}],"wp:attachment":[{"href":"https:\/\/arboriste-tree-felling.com\/index.php\/wp-json\/wp\/v2\/media?parent=112"}],"curies":[{"name":"wp","href":"https:\/\/api.w.org\/{rel}","templated":true}]}}