{"id":114,"date":"2018-02-16T15:04:24","date_gmt":"2018-02-16T14:04:24","guid":{"rendered":"http:\/\/demo.athemes.com\/astrid\/?page_id=114"},"modified":"2018-12-09T19:50:02","modified_gmt":"2018-12-09T18:50:02","slug":"soin-aux-arbres","status":"publish","type":"page","link":"https:\/\/arboriste-tree-felling.com\/index.php\/soin-aux-arbres\/","title":{"rendered":"Soin aux arbres"},"content":{"rendered":"<p style=\"text-align: justify;\"><em>Soin aux arbres, haubanage et lutte biologique.<\/em><\/p>\n<p style=\"text-align: justify;\"><!--more--><\/p>\n<p><strong>Haubanage<\/strong><\/p>\n<p>Une arbre peut\u00a0avoir un d\u00e9faut m\u00e9canique \u00e0 cause de son \u00e2ge ou d&rsquo;une mauvaise gestion ant\u00e9rieure (ex: attaque bact\u00e9riologique, champignons &#8230;) qui peut l\u2019emp\u00eacher de pousser normalement ou mettre en danger sa stabilit\u00e9. Dans ce cas l&rsquo;abattre n&rsquo;est pas la seule solution. L&rsquo;haubanage est une solution alternative \u00e0 sa pr\u00e9servation.<\/p>\n<p>Lors de soin aux arbres, les diff\u00e9rentes techniques d&rsquo;haubanage que nous pouvons mettre en place permet de pr\u00e9server le d\u00e9veloppement naturel de vieux arbre. Ces techniques non traumatisantes pour l\u2019arbre peuvent permettre de consolider l&rsquo;arbre et de lui donner une nouvelle base plus saine pour sa croissance future.<\/p>\n<p><strong>Lutte biologique<\/strong><\/p>\n<p>La lutte biologique est une m\u00e9thode de gestion contre les nuisibles des arbres impactant vos arbres (charan\u00e7ons, chenilles processionnaires, frelons asiatiques, pyrale du buis) totalement naturelle. Cette technique de soin aux arbres souvent sous-estim\u00e9e permettra de r\u00e9soudre une importante partie des probl\u00e8mes li\u00e9s aux nuisibles sans avoir recourt \u00e0 des produits chimiques.<\/p>\n<p>Nous sommes \u00e0 votre disposition afin de vous conseiller pour choisir la solution la plus adapt\u00e9e \u00e0 votre probl\u00e8me : pose de nichoirs \u00e0 m\u00e9sange, pi\u00e8ges \u00e0 chenilles et \u00e9chenillages des nids.<\/p>\n","protected":false},"excerpt":{"rendered":"<p>Soin aux arbres, haubanage et lutte biologique.<\/p>\n","protected":false},"author":2,"featured_media":323,"parent":0,"menu_order":0,"comment_status":"closed","ping_status":"closed","template":"page-templates\/single-service.php","meta":{"footnotes":""},"class_list":["post-114","page","type-page","status-publish","has-post-thumbnail","hentry","clearfix"],"_links":{"self":[{"href":"https:\/\/arboriste-tree-felling.com\/index.php\/wp-json\/wp\/v2\/pages\/114","targetHints":{"allow":["GET"]}}],"collection":[{"href":"https:\/\/arboriste-tree-felling.com\/index.php\/wp-json\/wp\/v2\/pages"}],"about":[{"href":"https:\/\/arboriste-tree-felling.com\/index.php\/wp-json\/wp\/v2\/types\/page"}],"author":[{"embeddable":true,"href":"https:\/\/arboriste-tree-felling.com\/index.php\/wp-json\/wp\/v2\/users\/2"}],"replies":[{"embeddable":true,"href":"https:\/\/arboriste-tree-felling.com\/index.php\/wp-json\/wp\/v2\/comments?post=114"}],"version-history":[{"count":7,"href":"https:\/\/arboriste-tree-felling.com\/index.php\/wp-json\/wp\/v2\/pages\/114\/revisions"}],"predecessor-version":[{"id":684,"href":"https:\/\/arboriste-tree-felling.com\/index.php\/wp-json\/wp\/v2\/pages\/114\/revisions\/684"}],"wp:featuredmedia":[{"embeddable":true,"href":"https:\/\/arboriste-tree-felling.com\/index.php\/wp-json\/wp\/v2\/media\/323"}],"wp:attachment":[{"href":"https:\/\/arboriste-tree-felling.com\/index.php\/wp-json\/wp\/v2\/media?parent=114"}],"curies":[{"name":"wp","href":"https:\/\/api.w.org\/{rel}","templated":true}]}}