{"id":118,"date":"2016-02-16T15:09:09","date_gmt":"2016-02-16T15:09:09","guid":{"rendered":"http:\/\/demo.athemes.com\/astrid\/?page_id=118"},"modified":"2019-03-18T21:15:34","modified_gmt":"2019-03-18T20:15:34","slug":"taille-sanitaire","status":"publish","type":"page","link":"https:\/\/arboriste-tree-felling.com\/index.php\/taille-sanitaire\/","title":{"rendered":"Taille sanitaire"},"content":{"rendered":"<div id=\"pl-118\"  class=\"panel-layout\" ><div id=\"pg-118-0\"  class=\"panel-grid panel-no-style\" ><div id=\"pgc-118-0-0\"  class=\"panel-grid-cell\" ><div id=\"panel-118-0-0-0\" class=\"widget_text so-panel widget widget_custom_html panel-first-child panel-last-child\" data-index=\"0\" ><div class=\"textwidget custom-html-widget\"><h3>\n\tTaille sanitaire sur c\u00e8dre avec charpenti\u00e8re arrach\u00e9e - Meudon, Hauts-de-Seine\n<\/h3>\n\n<p>\u00c0 l'origine, nous avions \u00e9t\u00e9 contact\u00e9s pour abattre un arbre qui montrait plusieurs signe de maladie. Cependant, apr\u00e8s analyse et gr\u00e2ce \u00e0 notre connaissance arboricole, nous avons recommand\u00e9 de proc\u00e9der simplement \u00e0 une taille sanitaire. Cette op\u00e9ration, beaucoup moins radicale, a permi \u00e0 l'arbre de retrouver son \u00e9quilibre et sa sant\u00e9. Il a pu ainsi continuer \u00e0 se d\u00e9velopper normalement. <\/p>\n\n<p>Cette op\u00e9ration a seulement n\u00e9cessit\u00e9 une \u00e9quipe r\u00e9duite d'un grimpeur et d'une personne au sol.<\/p>\n<br>\n<p>Plus de photos :<\/p><\/div><\/div><\/div><\/div><div id=\"pg-118-1\"  class=\"panel-grid panel-no-style\" ><div id=\"pgc-118-1-0\"  class=\"panel-grid-cell\" ><div id=\"panel-118-1-0-0\" class=\"so-panel widget widget_sow-slider panel-first-child panel-last-child\" data-index=\"1\" ><div\n\t\t\t\n\t\t\tclass=\"so-widget-sow-slider so-widget-sow-slider-default-6d39609536fd-118\"\n\t\t\t\n\t\t>\t\t\t\t<div class=\"sow-slider-base\" style=\"display: none\" tabindex=\"0\">\n\t\t\t\t\t<ul\n\t\t\t\t\tclass=\"sow-slider-images\"\n\t\t\t\t\tdata-settings=\"{&quot;pagination&quot;:true,&quot;speed&quot;:800,&quot;timeout&quot;:8000,&quot;paused&quot;:false,&quot;pause_on_hover&quot;:false,&quot;swipe&quot;:true,&quot;nav_always_show_desktop&quot;:&quot;&quot;,&quot;nav_always_show_mobile&quot;:&quot;&quot;,&quot;breakpoint&quot;:&quot;780px&quot;,&quot;unmute&quot;:false,&quot;anchor&quot;:null}\"\n\t\t\t\t\t\t\t\t\t\tdata-anchor-id=\"\"\n\t\t\t\t>\t\t<li class=\"sow-slider-image\" style=\"visibility: visible;\" >\n\t\t\t\t\t\t<img loading=\"lazy\" decoding=\"async\" width=\"2700\" height=\"1800\" src=\"https:\/\/arboriste-tree-felling.com\/wp-content\/uploads\/2018\/12\/Taille-Sanitaire-Meudon-1.jpg\" class=\"sow-slider-background-image\" alt=\"Taille Sanitaire Meudon 1\" style=\"\" srcset=\"https:\/\/arboriste-tree-felling.com\/wp-content\/uploads\/2018\/12\/Taille-Sanitaire-Meudon-1.jpg 2700w, https:\/\/arboriste-tree-felling.com\/wp-content\/uploads\/2018\/12\/Taille-Sanitaire-Meudon-1-300x200.jpg 300w, https:\/\/arboriste-tree-felling.com\/wp-content\/uploads\/2018\/12\/Taille-Sanitaire-Meudon-1-768x512.jpg 768w, https:\/\/arboriste-tree-felling.com\/wp-content\/uploads\/2018\/12\/Taille-Sanitaire-Meudon-1-1024x683.jpg 1024w, https:\/\/arboriste-tree-felling.com\/wp-content\/uploads\/2018\/12\/Taille-Sanitaire-Meudon-1-700x467.jpg 700w, https:\/\/arboriste-tree-felling.com\/wp-content\/uploads\/2018\/12\/Taille-Sanitaire-Meudon-1-520x347.jpg 520w, https:\/\/arboriste-tree-felling.com\/wp-content\/uploads\/2018\/12\/Taille-Sanitaire-Meudon-1-360x240.jpg 360w, https:\/\/arboriste-tree-felling.com\/wp-content\/uploads\/2018\/12\/Taille-Sanitaire-Meudon-1-250x167.jpg 250w, https:\/\/arboriste-tree-felling.com\/wp-content\/uploads\/2018\/12\/Taille-Sanitaire-Meudon-1-100x67.jpg 100w, https:\/\/arboriste-tree-felling.com\/wp-content\/uploads\/2018\/12\/Taille-Sanitaire-Meudon-1-272x182.jpg 272w\" sizes=\"auto, (max-width: 2700px) 100vw, 2700px\" \/>\t\t<\/li>\n\t\t\t\t<li class=\"sow-slider-image\" style=\"visibility: hidden;\" >\n\t\t\t\t\t\t<img loading=\"lazy\" decoding=\"async\" width=\"1800\" height=\"2700\" src=\"https:\/\/arboriste-tree-felling.com\/wp-content\/uploads\/2018\/12\/Taille-Sanitaire-Meudon-2.jpg\" class=\"sow-slider-background-image\" alt=\"Taille Sanitaire Meudon 2\" style=\"\" srcset=\"https:\/\/arboriste-tree-felling.com\/wp-content\/uploads\/2018\/12\/Taille-Sanitaire-Meudon-2.jpg 1800w, https:\/\/arboriste-tree-felling.com\/wp-content\/uploads\/2018\/12\/Taille-Sanitaire-Meudon-2-200x300.jpg 200w, https:\/\/arboriste-tree-felling.com\/wp-content\/uploads\/2018\/12\/Taille-Sanitaire-Meudon-2-768x1152.jpg 768w, https:\/\/arboriste-tree-felling.com\/wp-content\/uploads\/2018\/12\/Taille-Sanitaire-Meudon-2-683x1024.jpg 683w, https:\/\/arboriste-tree-felling.com\/wp-content\/uploads\/2018\/12\/Taille-Sanitaire-Meudon-2-700x1050.jpg 700w, https:\/\/arboriste-tree-felling.com\/wp-content\/uploads\/2018\/12\/Taille-Sanitaire-Meudon-2-520x780.jpg 520w, https:\/\/arboriste-tree-felling.com\/wp-content\/uploads\/2018\/12\/Taille-Sanitaire-Meudon-2-360x540.jpg 360w, https:\/\/arboriste-tree-felling.com\/wp-content\/uploads\/2018\/12\/Taille-Sanitaire-Meudon-2-250x375.jpg 250w, https:\/\/arboriste-tree-felling.com\/wp-content\/uploads\/2018\/12\/Taille-Sanitaire-Meudon-2-100x150.jpg 100w\" sizes=\"auto, (max-width: 1800px) 100vw, 1800px\" \/>\t\t<\/li>\n\t\t\t\t<li class=\"sow-slider-image\" style=\"visibility: hidden;\" >\n\t\t\t\t\t\t<img loading=\"lazy\" decoding=\"async\" width=\"1800\" height=\"2700\" src=\"https:\/\/arboriste-tree-felling.com\/wp-content\/uploads\/2018\/12\/Taille-Sanitaire-Meudon-3.jpg\" class=\"sow-slider-background-image\" alt=\"Taille Sanitaire Meudon 3\" style=\"\" srcset=\"https:\/\/arboriste-tree-felling.com\/wp-content\/uploads\/2018\/12\/Taille-Sanitaire-Meudon-3.jpg 1800w, https:\/\/arboriste-tree-felling.com\/wp-content\/uploads\/2018\/12\/Taille-Sanitaire-Meudon-3-200x300.jpg 200w, https:\/\/arboriste-tree-felling.com\/wp-content\/uploads\/2018\/12\/Taille-Sanitaire-Meudon-3-768x1152.jpg 768w, https:\/\/arboriste-tree-felling.com\/wp-content\/uploads\/2018\/12\/Taille-Sanitaire-Meudon-3-683x1024.jpg 683w, https:\/\/arboriste-tree-felling.com\/wp-content\/uploads\/2018\/12\/Taille-Sanitaire-Meudon-3-700x1050.jpg 700w, https:\/\/arboriste-tree-felling.com\/wp-content\/uploads\/2018\/12\/Taille-Sanitaire-Meudon-3-520x780.jpg 520w, https:\/\/arboriste-tree-felling.com\/wp-content\/uploads\/2018\/12\/Taille-Sanitaire-Meudon-3-360x540.jpg 360w, https:\/\/arboriste-tree-felling.com\/wp-content\/uploads\/2018\/12\/Taille-Sanitaire-Meudon-3-250x375.jpg 250w, https:\/\/arboriste-tree-felling.com\/wp-content\/uploads\/2018\/12\/Taille-Sanitaire-Meudon-3-100x150.jpg 100w\" sizes=\"auto, (max-width: 1800px) 100vw, 1800px\" \/>\t\t<\/li>\n\t\t\t\t<li class=\"sow-slider-image\" style=\"visibility: hidden;\" >\n\t\t\t\t\t\t<img loading=\"lazy\" decoding=\"async\" width=\"1800\" height=\"2700\" src=\"https:\/\/arboriste-tree-felling.com\/wp-content\/uploads\/2018\/12\/Taille-Sanitaire-Meudon-4.jpg\" class=\"sow-slider-background-image\" alt=\"Taille Sanitaire Meudon 4\" style=\"\" srcset=\"https:\/\/arboriste-tree-felling.com\/wp-content\/uploads\/2018\/12\/Taille-Sanitaire-Meudon-4.jpg 1800w, https:\/\/arboriste-tree-felling.com\/wp-content\/uploads\/2018\/12\/Taille-Sanitaire-Meudon-4-200x300.jpg 200w, https:\/\/arboriste-tree-felling.com\/wp-content\/uploads\/2018\/12\/Taille-Sanitaire-Meudon-4-768x1152.jpg 768w, https:\/\/arboriste-tree-felling.com\/wp-content\/uploads\/2018\/12\/Taille-Sanitaire-Meudon-4-683x1024.jpg 683w, https:\/\/arboriste-tree-felling.com\/wp-content\/uploads\/2018\/12\/Taille-Sanitaire-Meudon-4-700x1050.jpg 700w, https:\/\/arboriste-tree-felling.com\/wp-content\/uploads\/2018\/12\/Taille-Sanitaire-Meudon-4-520x780.jpg 520w, https:\/\/arboriste-tree-felling.com\/wp-content\/uploads\/2018\/12\/Taille-Sanitaire-Meudon-4-360x540.jpg 360w, https:\/\/arboriste-tree-felling.com\/wp-content\/uploads\/2018\/12\/Taille-Sanitaire-Meudon-4-250x375.jpg 250w, https:\/\/arboriste-tree-felling.com\/wp-content\/uploads\/2018\/12\/Taille-Sanitaire-Meudon-4-100x150.jpg 100w\" sizes=\"auto, (max-width: 1800px) 100vw, 1800px\" \/>\t\t<\/li>\n\t\t\t\t<li class=\"sow-slider-image\" style=\"visibility: hidden;\" >\n\t\t\t\t\t\t<img loading=\"lazy\" decoding=\"async\" width=\"1800\" height=\"2700\" src=\"https:\/\/arboriste-tree-felling.com\/wp-content\/uploads\/2018\/12\/Taille-Sanitaire-Meudon-5.jpg\" class=\"sow-slider-background-image\" alt=\"Taille Sanitaire Meudon 5\" style=\"\" srcset=\"https:\/\/arboriste-tree-felling.com\/wp-content\/uploads\/2018\/12\/Taille-Sanitaire-Meudon-5.jpg 1800w, https:\/\/arboriste-tree-felling.com\/wp-content\/uploads\/2018\/12\/Taille-Sanitaire-Meudon-5-200x300.jpg 200w, https:\/\/arboriste-tree-felling.com\/wp-content\/uploads\/2018\/12\/Taille-Sanitaire-Meudon-5-768x1152.jpg 768w, https:\/\/arboriste-tree-felling.com\/wp-content\/uploads\/2018\/12\/Taille-Sanitaire-Meudon-5-683x1024.jpg 683w, https:\/\/arboriste-tree-felling.com\/wp-content\/uploads\/2018\/12\/Taille-Sanitaire-Meudon-5-700x1050.jpg 700w, https:\/\/arboriste-tree-felling.com\/wp-content\/uploads\/2018\/12\/Taille-Sanitaire-Meudon-5-520x780.jpg 520w, https:\/\/arboriste-tree-felling.com\/wp-content\/uploads\/2018\/12\/Taille-Sanitaire-Meudon-5-360x540.jpg 360w, https:\/\/arboriste-tree-felling.com\/wp-content\/uploads\/2018\/12\/Taille-Sanitaire-Meudon-5-250x375.jpg 250w, https:\/\/arboriste-tree-felling.com\/wp-content\/uploads\/2018\/12\/Taille-Sanitaire-Meudon-5-100x150.jpg 100w\" sizes=\"auto, (max-width: 1800px) 100vw, 1800px\" \/>\t\t<\/li>\n\t\t\t\t<li class=\"sow-slider-image\" style=\"visibility: hidden;\" >\n\t\t\t\t\t\t<img loading=\"lazy\" decoding=\"async\" width=\"2700\" height=\"1800\" src=\"https:\/\/arboriste-tree-felling.com\/wp-content\/uploads\/2018\/12\/Taille-Sanitaire-Meudon-6.jpg\" class=\"sow-slider-background-image\" alt=\"Taille Sanitaire Meudon 6\" style=\"\" srcset=\"https:\/\/arboriste-tree-felling.com\/wp-content\/uploads\/2018\/12\/Taille-Sanitaire-Meudon-6.jpg 2700w, https:\/\/arboriste-tree-felling.com\/wp-content\/uploads\/2018\/12\/Taille-Sanitaire-Meudon-6-300x200.jpg 300w, https:\/\/arboriste-tree-felling.com\/wp-content\/uploads\/2018\/12\/Taille-Sanitaire-Meudon-6-768x512.jpg 768w, https:\/\/arboriste-tree-felling.com\/wp-content\/uploads\/2018\/12\/Taille-Sanitaire-Meudon-6-1024x683.jpg 1024w, https:\/\/arboriste-tree-felling.com\/wp-content\/uploads\/2018\/12\/Taille-Sanitaire-Meudon-6-700x467.jpg 700w, https:\/\/arboriste-tree-felling.com\/wp-content\/uploads\/2018\/12\/Taille-Sanitaire-Meudon-6-520x347.jpg 520w, https:\/\/arboriste-tree-felling.com\/wp-content\/uploads\/2018\/12\/Taille-Sanitaire-Meudon-6-360x240.jpg 360w, https:\/\/arboriste-tree-felling.com\/wp-content\/uploads\/2018\/12\/Taille-Sanitaire-Meudon-6-250x167.jpg 250w, https:\/\/arboriste-tree-felling.com\/wp-content\/uploads\/2018\/12\/Taille-Sanitaire-Meudon-6-100x67.jpg 100w, https:\/\/arboriste-tree-felling.com\/wp-content\/uploads\/2018\/12\/Taille-Sanitaire-Meudon-6-272x182.jpg 272w\" sizes=\"auto, (max-width: 2700px) 100vw, 2700px\" \/>\t\t<\/li>\n\t\t\t\t<li class=\"sow-slider-image\" style=\"visibility: hidden;\" >\n\t\t\t\t\t\t<img loading=\"lazy\" decoding=\"async\" width=\"2700\" height=\"1800\" src=\"https:\/\/arboriste-tree-felling.com\/wp-content\/uploads\/2018\/12\/Taille-Sanitaire-Meudon-7.jpg\" class=\"sow-slider-background-image\" alt=\"Taille Sanitaire Meudon 7\" style=\"\" srcset=\"https:\/\/arboriste-tree-felling.com\/wp-content\/uploads\/2018\/12\/Taille-Sanitaire-Meudon-7.jpg 2700w, https:\/\/arboriste-tree-felling.com\/wp-content\/uploads\/2018\/12\/Taille-Sanitaire-Meudon-7-300x200.jpg 300w, https:\/\/arboriste-tree-felling.com\/wp-content\/uploads\/2018\/12\/Taille-Sanitaire-Meudon-7-768x512.jpg 768w, https:\/\/arboriste-tree-felling.com\/wp-content\/uploads\/2018\/12\/Taille-Sanitaire-Meudon-7-1024x683.jpg 1024w, https:\/\/arboriste-tree-felling.com\/wp-content\/uploads\/2018\/12\/Taille-Sanitaire-Meudon-7-700x467.jpg 700w, https:\/\/arboriste-tree-felling.com\/wp-content\/uploads\/2018\/12\/Taille-Sanitaire-Meudon-7-520x347.jpg 520w, https:\/\/arboriste-tree-felling.com\/wp-content\/uploads\/2018\/12\/Taille-Sanitaire-Meudon-7-360x240.jpg 360w, https:\/\/arboriste-tree-felling.com\/wp-content\/uploads\/2018\/12\/Taille-Sanitaire-Meudon-7-250x167.jpg 250w, https:\/\/arboriste-tree-felling.com\/wp-content\/uploads\/2018\/12\/Taille-Sanitaire-Meudon-7-100x67.jpg 100w, https:\/\/arboriste-tree-felling.com\/wp-content\/uploads\/2018\/12\/Taille-Sanitaire-Meudon-7-272x182.jpg 272w\" sizes=\"auto, (max-width: 2700px) 100vw, 2700px\" \/>\t\t<\/li>\n\t\t\t\t<li class=\"sow-slider-image\" style=\"visibility: hidden;\" >\n\t\t\t\t\t\t<img loading=\"lazy\" decoding=\"async\" width=\"1800\" height=\"2700\" src=\"https:\/\/arboriste-tree-felling.com\/wp-content\/uploads\/2018\/12\/Taille-Sanitaire-Meudon-8.jpg\" class=\"sow-slider-background-image\" alt=\"Taille Sanitaire Meudon 8\" style=\"\" srcset=\"https:\/\/arboriste-tree-felling.com\/wp-content\/uploads\/2018\/12\/Taille-Sanitaire-Meudon-8.jpg 1800w, https:\/\/arboriste-tree-felling.com\/wp-content\/uploads\/2018\/12\/Taille-Sanitaire-Meudon-8-200x300.jpg 200w, https:\/\/arboriste-tree-felling.com\/wp-content\/uploads\/2018\/12\/Taille-Sanitaire-Meudon-8-768x1152.jpg 768w, https:\/\/arboriste-tree-felling.com\/wp-content\/uploads\/2018\/12\/Taille-Sanitaire-Meudon-8-683x1024.jpg 683w, https:\/\/arboriste-tree-felling.com\/wp-content\/uploads\/2018\/12\/Taille-Sanitaire-Meudon-8-700x1050.jpg 700w, https:\/\/arboriste-tree-felling.com\/wp-content\/uploads\/2018\/12\/Taille-Sanitaire-Meudon-8-520x780.jpg 520w, https:\/\/arboriste-tree-felling.com\/wp-content\/uploads\/2018\/12\/Taille-Sanitaire-Meudon-8-360x540.jpg 360w, https:\/\/arboriste-tree-felling.com\/wp-content\/uploads\/2018\/12\/Taille-Sanitaire-Meudon-8-250x375.jpg 250w, https:\/\/arboriste-tree-felling.com\/wp-content\/uploads\/2018\/12\/Taille-Sanitaire-Meudon-8-100x150.jpg 100w\" sizes=\"auto, (max-width: 1800px) 100vw, 1800px\" \/>\t\t<\/li>\n\t\t\t\t<li class=\"sow-slider-image\" style=\"visibility: hidden;\" >\n\t\t\t\t\t\t<img loading=\"lazy\" decoding=\"async\" width=\"2700\" height=\"1800\" src=\"https:\/\/arboriste-tree-felling.com\/wp-content\/uploads\/2018\/12\/Taille-Sanitaire-Meudon-9.jpg\" class=\"sow-slider-background-image\" alt=\"Taille Sanitaire Meudon 9\" style=\"\" srcset=\"https:\/\/arboriste-tree-felling.com\/wp-content\/uploads\/2018\/12\/Taille-Sanitaire-Meudon-9.jpg 2700w, https:\/\/arboriste-tree-felling.com\/wp-content\/uploads\/2018\/12\/Taille-Sanitaire-Meudon-9-300x200.jpg 300w, https:\/\/arboriste-tree-felling.com\/wp-content\/uploads\/2018\/12\/Taille-Sanitaire-Meudon-9-768x512.jpg 768w, https:\/\/arboriste-tree-felling.com\/wp-content\/uploads\/2018\/12\/Taille-Sanitaire-Meudon-9-1024x683.jpg 1024w, https:\/\/arboriste-tree-felling.com\/wp-content\/uploads\/2018\/12\/Taille-Sanitaire-Meudon-9-700x467.jpg 700w, https:\/\/arboriste-tree-felling.com\/wp-content\/uploads\/2018\/12\/Taille-Sanitaire-Meudon-9-520x347.jpg 520w, https:\/\/arboriste-tree-felling.com\/wp-content\/uploads\/2018\/12\/Taille-Sanitaire-Meudon-9-360x240.jpg 360w, https:\/\/arboriste-tree-felling.com\/wp-content\/uploads\/2018\/12\/Taille-Sanitaire-Meudon-9-250x167.jpg 250w, https:\/\/arboriste-tree-felling.com\/wp-content\/uploads\/2018\/12\/Taille-Sanitaire-Meudon-9-100x67.jpg 100w, https:\/\/arboriste-tree-felling.com\/wp-content\/uploads\/2018\/12\/Taille-Sanitaire-Meudon-9-272x182.jpg 272w\" sizes=\"auto, (max-width: 2700px) 100vw, 2700px\" \/>\t\t<\/li>\n\t\t<\/ul>\t\t\t\t<ol class=\"sow-slider-pagination\">\n\t\t\t\t\t\t\t\t\t\t\t<li><a href=\"#\" data-goto=\"0\" aria-label=\"Display slide 1\"><\/a><\/li>\n\t\t\t\t\t\t\t\t\t\t\t<li><a href=\"#\" data-goto=\"1\" aria-label=\"Display slide 2\"><\/a><\/li>\n\t\t\t\t\t\t\t\t\t\t\t<li><a href=\"#\" data-goto=\"2\" aria-label=\"Display slide 3\"><\/a><\/li>\n\t\t\t\t\t\t\t\t\t\t\t<li><a href=\"#\" data-goto=\"3\" aria-label=\"Display slide 4\"><\/a><\/li>\n\t\t\t\t\t\t\t\t\t\t\t<li><a href=\"#\" data-goto=\"4\" aria-label=\"Display slide 5\"><\/a><\/li>\n\t\t\t\t\t\t\t\t\t\t\t<li><a href=\"#\" data-goto=\"5\" aria-label=\"Display slide 6\"><\/a><\/li>\n\t\t\t\t\t\t\t\t\t\t\t<li><a href=\"#\" data-goto=\"6\" aria-label=\"Display slide 7\"><\/a><\/li>\n\t\t\t\t\t\t\t\t\t\t\t<li><a href=\"#\" data-goto=\"7\" aria-label=\"Display slide 8\"><\/a><\/li>\n\t\t\t\t\t\t\t\t\t\t\t<li><a href=\"#\" data-goto=\"8\" aria-label=\"Display slide 9\"><\/a><\/li>\n\t\t\t\t\t\t\t\t\t<\/ol>\n\n\t\t\t\t<div class=\"sow-slide-nav sow-slide-nav-next\">\n\t\t\t\t\t<a href=\"#\" data-goto=\"next\" aria-label=\"Next slide\" data-action=\"next\">\n\t\t\t\t\t\t<em class=\"sow-sld-icon-thin-right\"><\/em>\n\t\t\t\t\t<\/a>\n\t\t\t\t<\/div>\n\n\t\t\t\t<div class=\"sow-slide-nav sow-slide-nav-prev\">\n\t\t\t\t\t<a href=\"#\" data-goto=\"previous\" aria-label=\"Previous slide\" data-action=\"prev\">\n\t\t\t\t\t\t<em class=\"sow-sld-icon-thin-left\"><\/em>\n\t\t\t\t\t<\/a>\n\t\t\t\t<\/div>\n\t\t\t\t<\/div><\/div><\/div><\/div><\/div><\/div>","protected":false},"excerpt":{"rendered":"<p>Taille sanitaire sur c\u00e8dre avec charpenti\u00e8re arrach\u00e9e &#8211; Meudon, Hauts-de-Seine \u00c0 l&rsquo;origine, nous avions \u00e9t\u00e9 contact\u00e9s pour abattre un arbre qui montrait plusieurs signe de maladie. Cependant, apr\u00e8s analyse et gr\u00e2ce \u00e0 notre connaissance arboricole, nous avons recommand\u00e9 de proc\u00e9der [&hellip;]<\/p>\n","protected":false},"author":2,"featured_media":595,"parent":0,"menu_order":0,"comment_status":"closed","ping_status":"closed","template":"page-templates\/single-project.php","meta":{"footnotes":""},"class_list":["post-118","page","type-page","status-publish","has-post-thumbnail","hentry","clearfix"],"_links":{"self":[{"href":"https:\/\/arboriste-tree-felling.com\/index.php\/wp-json\/wp\/v2\/pages\/118","targetHints":{"allow":["GET"]}}],"collection":[{"href":"https:\/\/arboriste-tree-felling.com\/index.php\/wp-json\/wp\/v2\/pages"}],"about":[{"href":"https:\/\/arboriste-tree-felling.com\/index.php\/wp-json\/wp\/v2\/types\/page"}],"author":[{"embeddable":true,"href":"https:\/\/arboriste-tree-felling.com\/index.php\/wp-json\/wp\/v2\/users\/2"}],"replies":[{"embeddable":true,"href":"https:\/\/arboriste-tree-felling.com\/index.php\/wp-json\/wp\/v2\/comments?post=118"}],"version-history":[{"count":12,"href":"https:\/\/arboriste-tree-felling.com\/index.php\/wp-json\/wp\/v2\/pages\/118\/revisions"}],"predecessor-version":[{"id":711,"href":"https:\/\/arboriste-tree-felling.com\/index.php\/wp-json\/wp\/v2\/pages\/118\/revisions\/711"}],"wp:featuredmedia":[{"embeddable":true,"href":"https:\/\/arboriste-tree-felling.com\/index.php\/wp-json\/wp\/v2\/media\/595"}],"wp:attachment":[{"href":"https:\/\/arboriste-tree-felling.com\/index.php\/wp-json\/wp\/v2\/media?parent=118"}],"curies":[{"name":"wp","href":"https:\/\/api.w.org\/{rel}","templated":true}]}}