{"id":120,"date":"2018-02-17T15:09:28","date_gmt":"2018-02-17T14:09:28","guid":{"rendered":"http:\/\/demo.athemes.com\/astrid\/?page_id=120"},"modified":"2019-03-18T20:59:04","modified_gmt":"2019-03-18T19:59:04","slug":"demontage-arbre-paris","status":"publish","type":"page","link":"https:\/\/arboriste-tree-felling.com\/index.php\/demontage-arbre-paris\/","title":{"rendered":"D\u00e9montage"},"content":{"rendered":"<div id=\"pl-120\"  class=\"panel-layout\" ><div id=\"pg-120-0\"  class=\"panel-grid panel-no-style\" ><div id=\"pgc-120-0-0\"  class=\"panel-grid-cell\" ><div id=\"panel-120-0-0-0\" class=\"widget_text so-panel widget widget_custom_html panel-first-child panel-last-child\" data-index=\"0\" ><div class=\"textwidget custom-html-widget\"><h3>\n\tD\u00e9montage d'un arbre de 20m, en r\u00e9gion parisienne\n<\/h3>\n\n<p>\u00c0 la suite des d\u00e9g\u00e2ts qu'un arbre de 20m avait subit lors d'une temp\u00eate, la mairie d'une grande ville de r\u00e9gion parisienne nous a charg\u00e9 de le d\u00e9monter. Cette op\u00e9ration avait pour objectif de s\u00e9curiser le parc dans lequel se trouvait l'arbre. Nous avons effectu\u00e9s l'intervention en urgence avec une \u00e9quipe de deux grimpeurs et d'une personne au sol.<\/p>\n\n<p>En raison des contraintes de s\u00e9curit\u00e9 li\u00e9es \u00e0 l'espace dans lequel se trouvait l'arbre, nous avons utilis\u00e9 une technique de r\u00e9tension par corde. Ensuite nous avons proc\u00e9d\u00e9 \u00e0 un d\u00e9montage de l'arbre par tron\u00e7on.<\/p>\n<br>\n<p>Plus de photos :<\/p><\/div><\/div><\/div><\/div><div id=\"pg-120-1\"  class=\"panel-grid panel-no-style\" ><div id=\"pgc-120-1-0\"  class=\"panel-grid-cell\" ><div id=\"panel-120-1-0-0\" class=\"so-panel widget widget_sow-slider panel-first-child panel-last-child\" data-index=\"1\" ><div\n\t\t\t\n\t\t\tclass=\"so-widget-sow-slider so-widget-sow-slider-default-6d39609536fd-120\"\n\t\t\t\n\t\t>\t\t\t\t<div class=\"sow-slider-base\" style=\"display: none\" tabindex=\"0\">\n\t\t\t\t\t<ul\n\t\t\t\t\tclass=\"sow-slider-images\"\n\t\t\t\t\tdata-settings=\"{&quot;pagination&quot;:true,&quot;speed&quot;:800,&quot;timeout&quot;:8000,&quot;paused&quot;:false,&quot;pause_on_hover&quot;:false,&quot;swipe&quot;:true,&quot;nav_always_show_desktop&quot;:&quot;&quot;,&quot;nav_always_show_mobile&quot;:&quot;&quot;,&quot;breakpoint&quot;:&quot;780px&quot;,&quot;unmute&quot;:false,&quot;anchor&quot;:null}\"\n\t\t\t\t\t\t\t\t\t\tdata-anchor-id=\"\"\n\t\t\t\t>\t\t<li class=\"sow-slider-image\" style=\"visibility: visible;\" >\n\t\t\t\t\t\t<img loading=\"lazy\" decoding=\"async\" width=\"2700\" height=\"2025\" src=\"https:\/\/arboriste-tree-felling.com\/wp-content\/uploads\/2018\/12\/Demontage-Paris-1.jpg\" class=\"sow-slider-background-image\" alt=\"D\u00e9montage arbre Paris 1\" style=\"\" srcset=\"https:\/\/arboriste-tree-felling.com\/wp-content\/uploads\/2018\/12\/Demontage-Paris-1.jpg 2700w, https:\/\/arboriste-tree-felling.com\/wp-content\/uploads\/2018\/12\/Demontage-Paris-1-300x225.jpg 300w, https:\/\/arboriste-tree-felling.com\/wp-content\/uploads\/2018\/12\/Demontage-Paris-1-768x576.jpg 768w, https:\/\/arboriste-tree-felling.com\/wp-content\/uploads\/2018\/12\/Demontage-Paris-1-1024x768.jpg 1024w, https:\/\/arboriste-tree-felling.com\/wp-content\/uploads\/2018\/12\/Demontage-Paris-1-700x525.jpg 700w, https:\/\/arboriste-tree-felling.com\/wp-content\/uploads\/2018\/12\/Demontage-Paris-1-520x390.jpg 520w, https:\/\/arboriste-tree-felling.com\/wp-content\/uploads\/2018\/12\/Demontage-Paris-1-360x270.jpg 360w, https:\/\/arboriste-tree-felling.com\/wp-content\/uploads\/2018\/12\/Demontage-Paris-1-250x188.jpg 250w, https:\/\/arboriste-tree-felling.com\/wp-content\/uploads\/2018\/12\/Demontage-Paris-1-100x75.jpg 100w\" sizes=\"auto, (max-width: 2700px) 100vw, 2700px\" \/>\t\t<\/li>\n\t\t\t\t<li class=\"sow-slider-image\" style=\"visibility: hidden;\" >\n\t\t\t\t\t\t<img loading=\"lazy\" decoding=\"async\" width=\"1800\" height=\"2400\" src=\"https:\/\/arboriste-tree-felling.com\/wp-content\/uploads\/2018\/12\/Demontage-Paris-2.jpg\" class=\"sow-slider-background-image\" alt=\"D\u00e9montage arbre Paris 2\" style=\"\" srcset=\"https:\/\/arboriste-tree-felling.com\/wp-content\/uploads\/2018\/12\/Demontage-Paris-2.jpg 1800w, https:\/\/arboriste-tree-felling.com\/wp-content\/uploads\/2018\/12\/Demontage-Paris-2-225x300.jpg 225w, https:\/\/arboriste-tree-felling.com\/wp-content\/uploads\/2018\/12\/Demontage-Paris-2-768x1024.jpg 768w, https:\/\/arboriste-tree-felling.com\/wp-content\/uploads\/2018\/12\/Demontage-Paris-2-700x933.jpg 700w, https:\/\/arboriste-tree-felling.com\/wp-content\/uploads\/2018\/12\/Demontage-Paris-2-520x693.jpg 520w, https:\/\/arboriste-tree-felling.com\/wp-content\/uploads\/2018\/12\/Demontage-Paris-2-360x480.jpg 360w, https:\/\/arboriste-tree-felling.com\/wp-content\/uploads\/2018\/12\/Demontage-Paris-2-250x333.jpg 250w, https:\/\/arboriste-tree-felling.com\/wp-content\/uploads\/2018\/12\/Demontage-Paris-2-100x133.jpg 100w\" sizes=\"auto, (max-width: 1800px) 100vw, 1800px\" \/>\t\t<\/li>\n\t\t\t\t<li class=\"sow-slider-image\" style=\"visibility: hidden;\" >\n\t\t\t\t\t\t<img loading=\"lazy\" decoding=\"async\" width=\"2700\" height=\"2025\" src=\"https:\/\/arboriste-tree-felling.com\/wp-content\/uploads\/2018\/12\/Demontage-Paris-3.jpg\" class=\"sow-slider-background-image\" alt=\"D\u00e9montage arbre Paris 3\" style=\"\" srcset=\"https:\/\/arboriste-tree-felling.com\/wp-content\/uploads\/2018\/12\/Demontage-Paris-3.jpg 2700w, https:\/\/arboriste-tree-felling.com\/wp-content\/uploads\/2018\/12\/Demontage-Paris-3-300x225.jpg 300w, https:\/\/arboriste-tree-felling.com\/wp-content\/uploads\/2018\/12\/Demontage-Paris-3-768x576.jpg 768w, https:\/\/arboriste-tree-felling.com\/wp-content\/uploads\/2018\/12\/Demontage-Paris-3-1024x768.jpg 1024w, https:\/\/arboriste-tree-felling.com\/wp-content\/uploads\/2018\/12\/Demontage-Paris-3-700x525.jpg 700w, https:\/\/arboriste-tree-felling.com\/wp-content\/uploads\/2018\/12\/Demontage-Paris-3-520x390.jpg 520w, https:\/\/arboriste-tree-felling.com\/wp-content\/uploads\/2018\/12\/Demontage-Paris-3-360x270.jpg 360w, https:\/\/arboriste-tree-felling.com\/wp-content\/uploads\/2018\/12\/Demontage-Paris-3-250x188.jpg 250w, https:\/\/arboriste-tree-felling.com\/wp-content\/uploads\/2018\/12\/Demontage-Paris-3-100x75.jpg 100w\" sizes=\"auto, (max-width: 2700px) 100vw, 2700px\" \/>\t\t<\/li>\n\t\t\t\t<li class=\"sow-slider-image\" style=\"visibility: hidden;\" >\n\t\t\t\t\t\t<img loading=\"lazy\" decoding=\"async\" width=\"2700\" height=\"2025\" src=\"https:\/\/arboriste-tree-felling.com\/wp-content\/uploads\/2018\/12\/Demontage-Paris-4.jpg\" class=\"sow-slider-background-image\" alt=\"D\u00e9montage arbre Paris 4\" style=\"\" srcset=\"https:\/\/arboriste-tree-felling.com\/wp-content\/uploads\/2018\/12\/Demontage-Paris-4.jpg 2700w, https:\/\/arboriste-tree-felling.com\/wp-content\/uploads\/2018\/12\/Demontage-Paris-4-300x225.jpg 300w, https:\/\/arboriste-tree-felling.com\/wp-content\/uploads\/2018\/12\/Demontage-Paris-4-768x576.jpg 768w, https:\/\/arboriste-tree-felling.com\/wp-content\/uploads\/2018\/12\/Demontage-Paris-4-1024x768.jpg 1024w, https:\/\/arboriste-tree-felling.com\/wp-content\/uploads\/2018\/12\/Demontage-Paris-4-700x525.jpg 700w, https:\/\/arboriste-tree-felling.com\/wp-content\/uploads\/2018\/12\/Demontage-Paris-4-520x390.jpg 520w, https:\/\/arboriste-tree-felling.com\/wp-content\/uploads\/2018\/12\/Demontage-Paris-4-360x270.jpg 360w, https:\/\/arboriste-tree-felling.com\/wp-content\/uploads\/2018\/12\/Demontage-Paris-4-250x188.jpg 250w, https:\/\/arboriste-tree-felling.com\/wp-content\/uploads\/2018\/12\/Demontage-Paris-4-100x75.jpg 100w\" sizes=\"auto, (max-width: 2700px) 100vw, 2700px\" \/>\t\t<\/li>\n\t\t\t\t<li class=\"sow-slider-image\" style=\"visibility: hidden;\" >\n\t\t\t\t\t\t<img loading=\"lazy\" decoding=\"async\" width=\"1800\" height=\"2400\" src=\"https:\/\/arboriste-tree-felling.com\/wp-content\/uploads\/2018\/12\/Demontage-Paris-5.jpg\" class=\"sow-slider-background-image\" alt=\"D\u00e9montage arbre Paris 5\" style=\"\" srcset=\"https:\/\/arboriste-tree-felling.com\/wp-content\/uploads\/2018\/12\/Demontage-Paris-5.jpg 1800w, https:\/\/arboriste-tree-felling.com\/wp-content\/uploads\/2018\/12\/Demontage-Paris-5-225x300.jpg 225w, https:\/\/arboriste-tree-felling.com\/wp-content\/uploads\/2018\/12\/Demontage-Paris-5-768x1024.jpg 768w, https:\/\/arboriste-tree-felling.com\/wp-content\/uploads\/2018\/12\/Demontage-Paris-5-700x933.jpg 700w, https:\/\/arboriste-tree-felling.com\/wp-content\/uploads\/2018\/12\/Demontage-Paris-5-520x693.jpg 520w, https:\/\/arboriste-tree-felling.com\/wp-content\/uploads\/2018\/12\/Demontage-Paris-5-360x480.jpg 360w, https:\/\/arboriste-tree-felling.com\/wp-content\/uploads\/2018\/12\/Demontage-Paris-5-250x333.jpg 250w, https:\/\/arboriste-tree-felling.com\/wp-content\/uploads\/2018\/12\/Demontage-Paris-5-100x133.jpg 100w\" sizes=\"auto, (max-width: 1800px) 100vw, 1800px\" \/>\t\t<\/li>\n\t\t\t\t<li class=\"sow-slider-image\" style=\"visibility: hidden;\" >\n\t\t\t\t\t\t<img loading=\"lazy\" decoding=\"async\" width=\"2700\" height=\"2025\" src=\"https:\/\/arboriste-tree-felling.com\/wp-content\/uploads\/2018\/12\/Demontage-Paris-6.jpg\" class=\"sow-slider-background-image\" alt=\"D\u00e9montage arbre Paris 6\" style=\"\" srcset=\"https:\/\/arboriste-tree-felling.com\/wp-content\/uploads\/2018\/12\/Demontage-Paris-6.jpg 2700w, https:\/\/arboriste-tree-felling.com\/wp-content\/uploads\/2018\/12\/Demontage-Paris-6-300x225.jpg 300w, https:\/\/arboriste-tree-felling.com\/wp-content\/uploads\/2018\/12\/Demontage-Paris-6-768x576.jpg 768w, https:\/\/arboriste-tree-felling.com\/wp-content\/uploads\/2018\/12\/Demontage-Paris-6-1024x768.jpg 1024w, https:\/\/arboriste-tree-felling.com\/wp-content\/uploads\/2018\/12\/Demontage-Paris-6-700x525.jpg 700w, https:\/\/arboriste-tree-felling.com\/wp-content\/uploads\/2018\/12\/Demontage-Paris-6-520x390.jpg 520w, https:\/\/arboriste-tree-felling.com\/wp-content\/uploads\/2018\/12\/Demontage-Paris-6-360x270.jpg 360w, https:\/\/arboriste-tree-felling.com\/wp-content\/uploads\/2018\/12\/Demontage-Paris-6-250x188.jpg 250w, https:\/\/arboriste-tree-felling.com\/wp-content\/uploads\/2018\/12\/Demontage-Paris-6-100x75.jpg 100w\" sizes=\"auto, (max-width: 2700px) 100vw, 2700px\" \/>\t\t<\/li>\n\t\t\t\t<li class=\"sow-slider-image\" style=\"visibility: hidden;\" >\n\t\t\t\t\t\t<img loading=\"lazy\" decoding=\"async\" width=\"1800\" height=\"2400\" src=\"https:\/\/arboriste-tree-felling.com\/wp-content\/uploads\/2018\/12\/Demontage-Paris-7.jpg\" class=\"sow-slider-background-image\" alt=\"D\u00e9montage arbre Paris 7\" style=\"\" srcset=\"https:\/\/arboriste-tree-felling.com\/wp-content\/uploads\/2018\/12\/Demontage-Paris-7.jpg 1800w, https:\/\/arboriste-tree-felling.com\/wp-content\/uploads\/2018\/12\/Demontage-Paris-7-225x300.jpg 225w, https:\/\/arboriste-tree-felling.com\/wp-content\/uploads\/2018\/12\/Demontage-Paris-7-768x1024.jpg 768w, https:\/\/arboriste-tree-felling.com\/wp-content\/uploads\/2018\/12\/Demontage-Paris-7-700x933.jpg 700w, https:\/\/arboriste-tree-felling.com\/wp-content\/uploads\/2018\/12\/Demontage-Paris-7-520x693.jpg 520w, https:\/\/arboriste-tree-felling.com\/wp-content\/uploads\/2018\/12\/Demontage-Paris-7-360x480.jpg 360w, https:\/\/arboriste-tree-felling.com\/wp-content\/uploads\/2018\/12\/Demontage-Paris-7-250x333.jpg 250w, https:\/\/arboriste-tree-felling.com\/wp-content\/uploads\/2018\/12\/Demontage-Paris-7-100x133.jpg 100w\" sizes=\"auto, (max-width: 1800px) 100vw, 1800px\" \/>\t\t<\/li>\n\t\t\t\t<li class=\"sow-slider-image\" style=\"visibility: hidden;\" >\n\t\t\t\t\t\t<img loading=\"lazy\" decoding=\"async\" width=\"1800\" height=\"2400\" src=\"https:\/\/arboriste-tree-felling.com\/wp-content\/uploads\/2018\/12\/Demontage-Paris-8.jpg\" class=\"sow-slider-background-image\" alt=\"D\u00e9montage arbre Paris 8\" style=\"\" srcset=\"https:\/\/arboriste-tree-felling.com\/wp-content\/uploads\/2018\/12\/Demontage-Paris-8.jpg 1800w, https:\/\/arboriste-tree-felling.com\/wp-content\/uploads\/2018\/12\/Demontage-Paris-8-225x300.jpg 225w, https:\/\/arboriste-tree-felling.com\/wp-content\/uploads\/2018\/12\/Demontage-Paris-8-768x1024.jpg 768w, https:\/\/arboriste-tree-felling.com\/wp-content\/uploads\/2018\/12\/Demontage-Paris-8-700x933.jpg 700w, https:\/\/arboriste-tree-felling.com\/wp-content\/uploads\/2018\/12\/Demontage-Paris-8-520x693.jpg 520w, https:\/\/arboriste-tree-felling.com\/wp-content\/uploads\/2018\/12\/Demontage-Paris-8-360x480.jpg 360w, https:\/\/arboriste-tree-felling.com\/wp-content\/uploads\/2018\/12\/Demontage-Paris-8-250x333.jpg 250w, https:\/\/arboriste-tree-felling.com\/wp-content\/uploads\/2018\/12\/Demontage-Paris-8-100x133.jpg 100w\" sizes=\"auto, (max-width: 1800px) 100vw, 1800px\" \/>\t\t<\/li>\n\t\t<\/ul>\t\t\t\t<ol class=\"sow-slider-pagination\">\n\t\t\t\t\t\t\t\t\t\t\t<li><a href=\"#\" data-goto=\"0\" aria-label=\"Display slide 1\"><\/a><\/li>\n\t\t\t\t\t\t\t\t\t\t\t<li><a href=\"#\" data-goto=\"1\" aria-label=\"Display slide 2\"><\/a><\/li>\n\t\t\t\t\t\t\t\t\t\t\t<li><a href=\"#\" data-goto=\"2\" aria-label=\"Display slide 3\"><\/a><\/li>\n\t\t\t\t\t\t\t\t\t\t\t<li><a href=\"#\" data-goto=\"3\" aria-label=\"Display slide 4\"><\/a><\/li>\n\t\t\t\t\t\t\t\t\t\t\t<li><a href=\"#\" data-goto=\"4\" aria-label=\"Display slide 5\"><\/a><\/li>\n\t\t\t\t\t\t\t\t\t\t\t<li><a href=\"#\" data-goto=\"5\" aria-label=\"Display slide 6\"><\/a><\/li>\n\t\t\t\t\t\t\t\t\t\t\t<li><a href=\"#\" data-goto=\"6\" aria-label=\"Display slide 7\"><\/a><\/li>\n\t\t\t\t\t\t\t\t\t\t\t<li><a href=\"#\" data-goto=\"7\" aria-label=\"Display slide 8\"><\/a><\/li>\n\t\t\t\t\t\t\t\t\t<\/ol>\n\n\t\t\t\t<div class=\"sow-slide-nav sow-slide-nav-next\">\n\t\t\t\t\t<a href=\"#\" data-goto=\"next\" aria-label=\"Next slide\" data-action=\"next\">\n\t\t\t\t\t\t<em class=\"sow-sld-icon-thin-right\"><\/em>\n\t\t\t\t\t<\/a>\n\t\t\t\t<\/div>\n\n\t\t\t\t<div class=\"sow-slide-nav sow-slide-nav-prev\">\n\t\t\t\t\t<a href=\"#\" data-goto=\"previous\" aria-label=\"Previous slide\" data-action=\"prev\">\n\t\t\t\t\t\t<em class=\"sow-sld-icon-thin-left\"><\/em>\n\t\t\t\t\t<\/a>\n\t\t\t\t<\/div>\n\t\t\t\t<\/div><\/div><\/div><\/div><\/div><\/div>","protected":false},"excerpt":{"rendered":"<p>D\u00e9montage d&rsquo;un arbre de 20m, en r\u00e9gion parisienne \u00c0 la suite des d\u00e9g\u00e2ts qu&rsquo;un arbre de 20m avait subit lors d&rsquo;une temp\u00eate, la mairie d&rsquo;une grande ville de r\u00e9gion parisienne nous a charg\u00e9 de le d\u00e9monter. Cette op\u00e9ration avait pour [&hellip;]<\/p>\n","protected":false},"author":2,"featured_media":579,"parent":0,"menu_order":0,"comment_status":"closed","ping_status":"closed","template":"page-templates\/single-project.php","meta":{"footnotes":""},"class_list":["post-120","page","type-page","status-publish","has-post-thumbnail","hentry","clearfix"],"_links":{"self":[{"href":"https:\/\/arboriste-tree-felling.com\/index.php\/wp-json\/wp\/v2\/pages\/120","targetHints":{"allow":["GET"]}}],"collection":[{"href":"https:\/\/arboriste-tree-felling.com\/index.php\/wp-json\/wp\/v2\/pages"}],"about":[{"href":"https:\/\/arboriste-tree-felling.com\/index.php\/wp-json\/wp\/v2\/types\/page"}],"author":[{"embeddable":true,"href":"https:\/\/arboriste-tree-felling.com\/index.php\/wp-json\/wp\/v2\/users\/2"}],"replies":[{"embeddable":true,"href":"https:\/\/arboriste-tree-felling.com\/index.php\/wp-json\/wp\/v2\/comments?post=120"}],"version-history":[{"count":13,"href":"https:\/\/arboriste-tree-felling.com\/index.php\/wp-json\/wp\/v2\/pages\/120\/revisions"}],"predecessor-version":[{"id":703,"href":"https:\/\/arboriste-tree-felling.com\/index.php\/wp-json\/wp\/v2\/pages\/120\/revisions\/703"}],"wp:featuredmedia":[{"embeddable":true,"href":"https:\/\/arboriste-tree-felling.com\/index.php\/wp-json\/wp\/v2\/media\/579"}],"wp:attachment":[{"href":"https:\/\/arboriste-tree-felling.com\/index.php\/wp-json\/wp\/v2\/media?parent=120"}],"curies":[{"name":"wp","href":"https:\/\/api.w.org\/{rel}","templated":true}]}}