{"id":124,"date":"2016-02-16T15:09:55","date_gmt":"2016-02-16T15:09:55","guid":{"rendered":"http:\/\/demo.athemes.com\/astrid\/?page_id=124"},"modified":"2019-03-18T21:04:10","modified_gmt":"2019-03-18T20:04:10","slug":"haubanage-clamart","status":"publish","type":"page","link":"https:\/\/arboriste-tree-felling.com\/index.php\/haubanage-clamart\/","title":{"rendered":"Haubanage"},"content":{"rendered":"<div id=\"pl-124\"  class=\"panel-layout\" ><div id=\"pg-124-0\"  class=\"panel-grid panel-no-style\" ><div id=\"pgc-124-0-0\"  class=\"panel-grid-cell\" ><div id=\"panel-124-0-0-0\" class=\"widget_text so-panel widget widget_custom_html panel-first-child panel-last-child\" data-index=\"0\" ><div class=\"textwidget custom-html-widget\"><h3>\n\tHaubanage, soin des arbres, Clamart, Hauts-de-Seine\n<\/h3>\n\n<p>Apr\u00e8s avoir re\u00e7u la foudre, une partie de l'arbre avait \u00e9t\u00e9 endommag\u00e9e et mettait en danger les habitations aux alentours. Cependant, comme l\u2019arbre \u00e9tait encore en tr\u00e8s bonne sant\u00e9, nous avons pr\u00e9f\u00e9r\u00e9 effectuer une op\u00e9ration d'haubanage plut\u00f4t que de tailler ou d'abattre l\u2019arbre. Gr\u00e2ce aux soins qui ont \u00e9t\u00e9 port\u00e9s \u00e0 l'arbre, celui-ci a pu reprendre sa croissance et soigner de lui-m\u00eame les d\u00e9g\u00e2ts caus\u00e9s par la foudre. <\/p>\n\n<p>Les op\u00e9rations d'haubanage demandent beaucoup de savoir-faire car mal effectu\u00e9es, elles peuvent endommager l'arbre et mettre en danger les arbres ou propri\u00e9t\u00e9s l'entourant. Pour cette intervention, nous avons travaill\u00e9 avec trois \u00e9lagueurs dipl\u00f4m\u00e9s et ayant tous plus de 5 ans d\u2019exp\u00e9riences. <\/p>\n<br>\n<p>Plus de photos :<\/p>\n<\/div><\/div><\/div><\/div><div id=\"pg-124-1\"  class=\"panel-grid panel-no-style\" ><div id=\"pgc-124-1-0\"  class=\"panel-grid-cell\" ><div id=\"panel-124-1-0-0\" class=\"so-panel widget widget_sow-slider panel-first-child panel-last-child\" data-index=\"1\" ><div\n\t\t\t\n\t\t\tclass=\"so-widget-sow-slider so-widget-sow-slider-default-6d39609536fd-124\"\n\t\t\t\n\t\t>\t\t\t\t<div class=\"sow-slider-base\" style=\"display: none\" tabindex=\"0\">\n\t\t\t\t\t<ul\n\t\t\t\t\tclass=\"sow-slider-images\"\n\t\t\t\t\tdata-settings=\"{&quot;pagination&quot;:true,&quot;speed&quot;:800,&quot;timeout&quot;:8000,&quot;paused&quot;:false,&quot;pause_on_hover&quot;:false,&quot;swipe&quot;:true,&quot;nav_always_show_desktop&quot;:&quot;&quot;,&quot;nav_always_show_mobile&quot;:&quot;&quot;,&quot;breakpoint&quot;:&quot;780px&quot;,&quot;unmute&quot;:false,&quot;anchor&quot;:null}\"\n\t\t\t\t\t\t\t\t\t\tdata-anchor-id=\"\"\n\t\t\t\t>\t\t<li class=\"sow-slider-image\" style=\"visibility: visible;\" >\n\t\t\t\t\t\t<img loading=\"lazy\" decoding=\"async\" width=\"2700\" height=\"1800\" src=\"https:\/\/arboriste-tree-felling.com\/wp-content\/uploads\/2018\/12\/Haubanage-clamart-6.jpg\" class=\"sow-slider-background-image\" alt=\"Haubanage Clamart 6\" style=\"\" srcset=\"https:\/\/arboriste-tree-felling.com\/wp-content\/uploads\/2018\/12\/Haubanage-clamart-6.jpg 2700w, https:\/\/arboriste-tree-felling.com\/wp-content\/uploads\/2018\/12\/Haubanage-clamart-6-300x200.jpg 300w, https:\/\/arboriste-tree-felling.com\/wp-content\/uploads\/2018\/12\/Haubanage-clamart-6-768x512.jpg 768w, https:\/\/arboriste-tree-felling.com\/wp-content\/uploads\/2018\/12\/Haubanage-clamart-6-1024x683.jpg 1024w, https:\/\/arboriste-tree-felling.com\/wp-content\/uploads\/2018\/12\/Haubanage-clamart-6-700x467.jpg 700w, https:\/\/arboriste-tree-felling.com\/wp-content\/uploads\/2018\/12\/Haubanage-clamart-6-520x347.jpg 520w, https:\/\/arboriste-tree-felling.com\/wp-content\/uploads\/2018\/12\/Haubanage-clamart-6-360x240.jpg 360w, https:\/\/arboriste-tree-felling.com\/wp-content\/uploads\/2018\/12\/Haubanage-clamart-6-250x167.jpg 250w, https:\/\/arboriste-tree-felling.com\/wp-content\/uploads\/2018\/12\/Haubanage-clamart-6-100x67.jpg 100w, https:\/\/arboriste-tree-felling.com\/wp-content\/uploads\/2018\/12\/Haubanage-clamart-6-272x182.jpg 272w\" sizes=\"auto, (max-width: 2700px) 100vw, 2700px\" \/>\t\t<\/li>\n\t\t\t\t<li class=\"sow-slider-image\" style=\"visibility: hidden;\" >\n\t\t\t\t\t\t<img loading=\"lazy\" decoding=\"async\" width=\"2700\" height=\"2025\" src=\"https:\/\/arboriste-tree-felling.com\/wp-content\/uploads\/2018\/12\/Haubanage-clamart-1.jpg\" class=\"sow-slider-background-image\" alt=\"Haubanage Clamart 1\" style=\"\" srcset=\"https:\/\/arboriste-tree-felling.com\/wp-content\/uploads\/2018\/12\/Haubanage-clamart-1.jpg 2700w, https:\/\/arboriste-tree-felling.com\/wp-content\/uploads\/2018\/12\/Haubanage-clamart-1-300x225.jpg 300w, https:\/\/arboriste-tree-felling.com\/wp-content\/uploads\/2018\/12\/Haubanage-clamart-1-768x576.jpg 768w, https:\/\/arboriste-tree-felling.com\/wp-content\/uploads\/2018\/12\/Haubanage-clamart-1-1024x768.jpg 1024w, https:\/\/arboriste-tree-felling.com\/wp-content\/uploads\/2018\/12\/Haubanage-clamart-1-700x525.jpg 700w, https:\/\/arboriste-tree-felling.com\/wp-content\/uploads\/2018\/12\/Haubanage-clamart-1-520x390.jpg 520w, https:\/\/arboriste-tree-felling.com\/wp-content\/uploads\/2018\/12\/Haubanage-clamart-1-360x270.jpg 360w, https:\/\/arboriste-tree-felling.com\/wp-content\/uploads\/2018\/12\/Haubanage-clamart-1-250x188.jpg 250w, https:\/\/arboriste-tree-felling.com\/wp-content\/uploads\/2018\/12\/Haubanage-clamart-1-100x75.jpg 100w\" sizes=\"auto, (max-width: 2700px) 100vw, 2700px\" \/>\t\t<\/li>\n\t\t\t\t<li class=\"sow-slider-image\" style=\"visibility: hidden;\" >\n\t\t\t\t\t\t<img loading=\"lazy\" decoding=\"async\" width=\"2700\" height=\"2025\" src=\"https:\/\/arboriste-tree-felling.com\/wp-content\/uploads\/2018\/12\/Haubanage-clamart-2.jpg\" class=\"sow-slider-background-image\" alt=\"Haubanage Clamart 2\" style=\"\" srcset=\"https:\/\/arboriste-tree-felling.com\/wp-content\/uploads\/2018\/12\/Haubanage-clamart-2.jpg 2700w, https:\/\/arboriste-tree-felling.com\/wp-content\/uploads\/2018\/12\/Haubanage-clamart-2-300x225.jpg 300w, https:\/\/arboriste-tree-felling.com\/wp-content\/uploads\/2018\/12\/Haubanage-clamart-2-768x576.jpg 768w, https:\/\/arboriste-tree-felling.com\/wp-content\/uploads\/2018\/12\/Haubanage-clamart-2-1024x768.jpg 1024w, https:\/\/arboriste-tree-felling.com\/wp-content\/uploads\/2018\/12\/Haubanage-clamart-2-700x525.jpg 700w, https:\/\/arboriste-tree-felling.com\/wp-content\/uploads\/2018\/12\/Haubanage-clamart-2-520x390.jpg 520w, https:\/\/arboriste-tree-felling.com\/wp-content\/uploads\/2018\/12\/Haubanage-clamart-2-360x270.jpg 360w, https:\/\/arboriste-tree-felling.com\/wp-content\/uploads\/2018\/12\/Haubanage-clamart-2-250x188.jpg 250w, https:\/\/arboriste-tree-felling.com\/wp-content\/uploads\/2018\/12\/Haubanage-clamart-2-100x75.jpg 100w\" sizes=\"auto, (max-width: 2700px) 100vw, 2700px\" \/>\t\t<\/li>\n\t\t\t\t<li class=\"sow-slider-image\" style=\"visibility: hidden;\" >\n\t\t\t\t\t\t<img loading=\"lazy\" decoding=\"async\" width=\"2700\" height=\"1800\" src=\"https:\/\/arboriste-tree-felling.com\/wp-content\/uploads\/2018\/12\/Haubanage-clamart-3.jpg\" class=\"sow-slider-background-image\" alt=\"Haubanage Clamart 3\" style=\"\" srcset=\"https:\/\/arboriste-tree-felling.com\/wp-content\/uploads\/2018\/12\/Haubanage-clamart-3.jpg 2700w, https:\/\/arboriste-tree-felling.com\/wp-content\/uploads\/2018\/12\/Haubanage-clamart-3-300x200.jpg 300w, https:\/\/arboriste-tree-felling.com\/wp-content\/uploads\/2018\/12\/Haubanage-clamart-3-768x512.jpg 768w, https:\/\/arboriste-tree-felling.com\/wp-content\/uploads\/2018\/12\/Haubanage-clamart-3-1024x683.jpg 1024w, https:\/\/arboriste-tree-felling.com\/wp-content\/uploads\/2018\/12\/Haubanage-clamart-3-700x467.jpg 700w, https:\/\/arboriste-tree-felling.com\/wp-content\/uploads\/2018\/12\/Haubanage-clamart-3-520x347.jpg 520w, https:\/\/arboriste-tree-felling.com\/wp-content\/uploads\/2018\/12\/Haubanage-clamart-3-360x240.jpg 360w, https:\/\/arboriste-tree-felling.com\/wp-content\/uploads\/2018\/12\/Haubanage-clamart-3-250x167.jpg 250w, https:\/\/arboriste-tree-felling.com\/wp-content\/uploads\/2018\/12\/Haubanage-clamart-3-100x67.jpg 100w, https:\/\/arboriste-tree-felling.com\/wp-content\/uploads\/2018\/12\/Haubanage-clamart-3-272x182.jpg 272w\" sizes=\"auto, (max-width: 2700px) 100vw, 2700px\" \/>\t\t<\/li>\n\t\t\t\t<li class=\"sow-slider-image\" style=\"visibility: hidden;\" >\n\t\t\t\t\t\t<img loading=\"lazy\" decoding=\"async\" width=\"2700\" height=\"1800\" src=\"https:\/\/arboriste-tree-felling.com\/wp-content\/uploads\/2018\/12\/Haubanage-clamart-4.jpg\" class=\"sow-slider-background-image\" alt=\"Haubanage Clamart 4\" style=\"\" srcset=\"https:\/\/arboriste-tree-felling.com\/wp-content\/uploads\/2018\/12\/Haubanage-clamart-4.jpg 2700w, https:\/\/arboriste-tree-felling.com\/wp-content\/uploads\/2018\/12\/Haubanage-clamart-4-300x200.jpg 300w, https:\/\/arboriste-tree-felling.com\/wp-content\/uploads\/2018\/12\/Haubanage-clamart-4-768x512.jpg 768w, https:\/\/arboriste-tree-felling.com\/wp-content\/uploads\/2018\/12\/Haubanage-clamart-4-1024x683.jpg 1024w, https:\/\/arboriste-tree-felling.com\/wp-content\/uploads\/2018\/12\/Haubanage-clamart-4-700x467.jpg 700w, https:\/\/arboriste-tree-felling.com\/wp-content\/uploads\/2018\/12\/Haubanage-clamart-4-520x347.jpg 520w, https:\/\/arboriste-tree-felling.com\/wp-content\/uploads\/2018\/12\/Haubanage-clamart-4-360x240.jpg 360w, https:\/\/arboriste-tree-felling.com\/wp-content\/uploads\/2018\/12\/Haubanage-clamart-4-250x167.jpg 250w, https:\/\/arboriste-tree-felling.com\/wp-content\/uploads\/2018\/12\/Haubanage-clamart-4-100x67.jpg 100w, https:\/\/arboriste-tree-felling.com\/wp-content\/uploads\/2018\/12\/Haubanage-clamart-4-272x182.jpg 272w\" sizes=\"auto, (max-width: 2700px) 100vw, 2700px\" \/>\t\t<\/li>\n\t\t\t\t<li class=\"sow-slider-image\" style=\"visibility: hidden;\" >\n\t\t\t\t\t\t<img loading=\"lazy\" decoding=\"async\" width=\"1800\" height=\"2700\" src=\"https:\/\/arboriste-tree-felling.com\/wp-content\/uploads\/2018\/12\/Haubanage-clamart-5.jpg\" class=\"sow-slider-background-image\" alt=\"Haubanage Clamart 5\" style=\"\" srcset=\"https:\/\/arboriste-tree-felling.com\/wp-content\/uploads\/2018\/12\/Haubanage-clamart-5.jpg 1800w, https:\/\/arboriste-tree-felling.com\/wp-content\/uploads\/2018\/12\/Haubanage-clamart-5-200x300.jpg 200w, https:\/\/arboriste-tree-felling.com\/wp-content\/uploads\/2018\/12\/Haubanage-clamart-5-768x1152.jpg 768w, https:\/\/arboriste-tree-felling.com\/wp-content\/uploads\/2018\/12\/Haubanage-clamart-5-683x1024.jpg 683w, https:\/\/arboriste-tree-felling.com\/wp-content\/uploads\/2018\/12\/Haubanage-clamart-5-700x1050.jpg 700w, https:\/\/arboriste-tree-felling.com\/wp-content\/uploads\/2018\/12\/Haubanage-clamart-5-520x780.jpg 520w, https:\/\/arboriste-tree-felling.com\/wp-content\/uploads\/2018\/12\/Haubanage-clamart-5-360x540.jpg 360w, https:\/\/arboriste-tree-felling.com\/wp-content\/uploads\/2018\/12\/Haubanage-clamart-5-250x375.jpg 250w, https:\/\/arboriste-tree-felling.com\/wp-content\/uploads\/2018\/12\/Haubanage-clamart-5-100x150.jpg 100w\" sizes=\"auto, (max-width: 1800px) 100vw, 1800px\" \/>\t\t<\/li>\n\t\t\t\t<li class=\"sow-slider-image\" style=\"visibility: hidden;\" >\n\t\t\t\t\t\t<img loading=\"lazy\" decoding=\"async\" width=\"2700\" height=\"1800\" src=\"https:\/\/arboriste-tree-felling.com\/wp-content\/uploads\/2018\/12\/Haubanage-clamart-8.jpg\" class=\"sow-slider-background-image\" alt=\"Haubanage Clamart 8\" style=\"\" srcset=\"https:\/\/arboriste-tree-felling.com\/wp-content\/uploads\/2018\/12\/Haubanage-clamart-8.jpg 2700w, https:\/\/arboriste-tree-felling.com\/wp-content\/uploads\/2018\/12\/Haubanage-clamart-8-300x200.jpg 300w, https:\/\/arboriste-tree-felling.com\/wp-content\/uploads\/2018\/12\/Haubanage-clamart-8-768x512.jpg 768w, https:\/\/arboriste-tree-felling.com\/wp-content\/uploads\/2018\/12\/Haubanage-clamart-8-1024x683.jpg 1024w, https:\/\/arboriste-tree-felling.com\/wp-content\/uploads\/2018\/12\/Haubanage-clamart-8-700x467.jpg 700w, https:\/\/arboriste-tree-felling.com\/wp-content\/uploads\/2018\/12\/Haubanage-clamart-8-520x347.jpg 520w, https:\/\/arboriste-tree-felling.com\/wp-content\/uploads\/2018\/12\/Haubanage-clamart-8-360x240.jpg 360w, https:\/\/arboriste-tree-felling.com\/wp-content\/uploads\/2018\/12\/Haubanage-clamart-8-250x167.jpg 250w, https:\/\/arboriste-tree-felling.com\/wp-content\/uploads\/2018\/12\/Haubanage-clamart-8-100x67.jpg 100w, https:\/\/arboriste-tree-felling.com\/wp-content\/uploads\/2018\/12\/Haubanage-clamart-8-272x182.jpg 272w\" sizes=\"auto, (max-width: 2700px) 100vw, 2700px\" \/>\t\t<\/li>\n\t\t\t\t<li class=\"sow-slider-image\" style=\"visibility: hidden;\" >\n\t\t\t\t\t\t<img loading=\"lazy\" decoding=\"async\" width=\"2700\" height=\"1800\" src=\"https:\/\/arboriste-tree-felling.com\/wp-content\/uploads\/2018\/12\/Haubanage-clamart-9.jpg\" class=\"sow-slider-background-image\" alt=\"Haubanage Clamart 9\" style=\"\" srcset=\"https:\/\/arboriste-tree-felling.com\/wp-content\/uploads\/2018\/12\/Haubanage-clamart-9.jpg 2700w, https:\/\/arboriste-tree-felling.com\/wp-content\/uploads\/2018\/12\/Haubanage-clamart-9-300x200.jpg 300w, https:\/\/arboriste-tree-felling.com\/wp-content\/uploads\/2018\/12\/Haubanage-clamart-9-768x512.jpg 768w, https:\/\/arboriste-tree-felling.com\/wp-content\/uploads\/2018\/12\/Haubanage-clamart-9-1024x683.jpg 1024w, https:\/\/arboriste-tree-felling.com\/wp-content\/uploads\/2018\/12\/Haubanage-clamart-9-700x467.jpg 700w, https:\/\/arboriste-tree-felling.com\/wp-content\/uploads\/2018\/12\/Haubanage-clamart-9-520x347.jpg 520w, https:\/\/arboriste-tree-felling.com\/wp-content\/uploads\/2018\/12\/Haubanage-clamart-9-360x240.jpg 360w, https:\/\/arboriste-tree-felling.com\/wp-content\/uploads\/2018\/12\/Haubanage-clamart-9-250x167.jpg 250w, https:\/\/arboriste-tree-felling.com\/wp-content\/uploads\/2018\/12\/Haubanage-clamart-9-100x67.jpg 100w, https:\/\/arboriste-tree-felling.com\/wp-content\/uploads\/2018\/12\/Haubanage-clamart-9-272x182.jpg 272w\" sizes=\"auto, (max-width: 2700px) 100vw, 2700px\" \/>\t\t<\/li>\n\t\t\t\t<li class=\"sow-slider-image\" style=\"visibility: hidden;\" >\n\t\t\t\t\t\t<img loading=\"lazy\" decoding=\"async\" width=\"2700\" height=\"1800\" src=\"https:\/\/arboriste-tree-felling.com\/wp-content\/uploads\/2018\/12\/Haubanage-clamart-10.jpg\" class=\"sow-slider-background-image\" alt=\"Haubanage Clamart 10\" style=\"\" srcset=\"https:\/\/arboriste-tree-felling.com\/wp-content\/uploads\/2018\/12\/Haubanage-clamart-10.jpg 2700w, https:\/\/arboriste-tree-felling.com\/wp-content\/uploads\/2018\/12\/Haubanage-clamart-10-300x200.jpg 300w, https:\/\/arboriste-tree-felling.com\/wp-content\/uploads\/2018\/12\/Haubanage-clamart-10-768x512.jpg 768w, https:\/\/arboriste-tree-felling.com\/wp-content\/uploads\/2018\/12\/Haubanage-clamart-10-1024x683.jpg 1024w, https:\/\/arboriste-tree-felling.com\/wp-content\/uploads\/2018\/12\/Haubanage-clamart-10-700x467.jpg 700w, https:\/\/arboriste-tree-felling.com\/wp-content\/uploads\/2018\/12\/Haubanage-clamart-10-520x347.jpg 520w, https:\/\/arboriste-tree-felling.com\/wp-content\/uploads\/2018\/12\/Haubanage-clamart-10-360x240.jpg 360w, https:\/\/arboriste-tree-felling.com\/wp-content\/uploads\/2018\/12\/Haubanage-clamart-10-250x167.jpg 250w, https:\/\/arboriste-tree-felling.com\/wp-content\/uploads\/2018\/12\/Haubanage-clamart-10-100x67.jpg 100w, https:\/\/arboriste-tree-felling.com\/wp-content\/uploads\/2018\/12\/Haubanage-clamart-10-272x182.jpg 272w\" sizes=\"auto, (max-width: 2700px) 100vw, 2700px\" \/>\t\t<\/li>\n\t\t\t\t<li class=\"sow-slider-image\" style=\"visibility: hidden;\" >\n\t\t\t\t\t\t<img loading=\"lazy\" decoding=\"async\" width=\"2700\" height=\"1800\" src=\"https:\/\/arboriste-tree-felling.com\/wp-content\/uploads\/2018\/12\/Haubanage-clamart-11.jpg\" class=\"sow-slider-background-image\" alt=\"Haubanage Clamart 11\" style=\"\" srcset=\"https:\/\/arboriste-tree-felling.com\/wp-content\/uploads\/2018\/12\/Haubanage-clamart-11.jpg 2700w, https:\/\/arboriste-tree-felling.com\/wp-content\/uploads\/2018\/12\/Haubanage-clamart-11-300x200.jpg 300w, https:\/\/arboriste-tree-felling.com\/wp-content\/uploads\/2018\/12\/Haubanage-clamart-11-768x512.jpg 768w, https:\/\/arboriste-tree-felling.com\/wp-content\/uploads\/2018\/12\/Haubanage-clamart-11-1024x683.jpg 1024w, https:\/\/arboriste-tree-felling.com\/wp-content\/uploads\/2018\/12\/Haubanage-clamart-11-700x467.jpg 700w, https:\/\/arboriste-tree-felling.com\/wp-content\/uploads\/2018\/12\/Haubanage-clamart-11-520x347.jpg 520w, https:\/\/arboriste-tree-felling.com\/wp-content\/uploads\/2018\/12\/Haubanage-clamart-11-360x240.jpg 360w, https:\/\/arboriste-tree-felling.com\/wp-content\/uploads\/2018\/12\/Haubanage-clamart-11-250x167.jpg 250w, https:\/\/arboriste-tree-felling.com\/wp-content\/uploads\/2018\/12\/Haubanage-clamart-11-100x67.jpg 100w, https:\/\/arboriste-tree-felling.com\/wp-content\/uploads\/2018\/12\/Haubanage-clamart-11-272x182.jpg 272w\" sizes=\"auto, (max-width: 2700px) 100vw, 2700px\" \/>\t\t<\/li>\n\t\t\t\t<li class=\"sow-slider-image\" style=\"visibility: hidden;\" >\n\t\t\t\t\t\t<img loading=\"lazy\" decoding=\"async\" width=\"2700\" height=\"1800\" src=\"https:\/\/arboriste-tree-felling.com\/wp-content\/uploads\/2018\/12\/Haubanage-clamart-12.jpg\" class=\"sow-slider-background-image\" alt=\"Haubanage Clamart 12\" style=\"\" srcset=\"https:\/\/arboriste-tree-felling.com\/wp-content\/uploads\/2018\/12\/Haubanage-clamart-12.jpg 2700w, https:\/\/arboriste-tree-felling.com\/wp-content\/uploads\/2018\/12\/Haubanage-clamart-12-300x200.jpg 300w, https:\/\/arboriste-tree-felling.com\/wp-content\/uploads\/2018\/12\/Haubanage-clamart-12-768x512.jpg 768w, https:\/\/arboriste-tree-felling.com\/wp-content\/uploads\/2018\/12\/Haubanage-clamart-12-1024x683.jpg 1024w, https:\/\/arboriste-tree-felling.com\/wp-content\/uploads\/2018\/12\/Haubanage-clamart-12-700x467.jpg 700w, https:\/\/arboriste-tree-felling.com\/wp-content\/uploads\/2018\/12\/Haubanage-clamart-12-520x347.jpg 520w, https:\/\/arboriste-tree-felling.com\/wp-content\/uploads\/2018\/12\/Haubanage-clamart-12-360x240.jpg 360w, https:\/\/arboriste-tree-felling.com\/wp-content\/uploads\/2018\/12\/Haubanage-clamart-12-250x167.jpg 250w, https:\/\/arboriste-tree-felling.com\/wp-content\/uploads\/2018\/12\/Haubanage-clamart-12-100x67.jpg 100w, https:\/\/arboriste-tree-felling.com\/wp-content\/uploads\/2018\/12\/Haubanage-clamart-12-272x182.jpg 272w\" sizes=\"auto, (max-width: 2700px) 100vw, 2700px\" \/>\t\t<\/li>\n\t\t\t\t<li class=\"sow-slider-image\" style=\"visibility: hidden;\" >\n\t\t\t\t\t\t<img loading=\"lazy\" decoding=\"async\" width=\"2700\" height=\"1800\" src=\"https:\/\/arboriste-tree-felling.com\/wp-content\/uploads\/2018\/12\/Haubanage-clamart-13.jpg\" class=\"sow-slider-background-image\" alt=\"Haubanage Clamart 13\" style=\"\" srcset=\"https:\/\/arboriste-tree-felling.com\/wp-content\/uploads\/2018\/12\/Haubanage-clamart-13.jpg 2700w, https:\/\/arboriste-tree-felling.com\/wp-content\/uploads\/2018\/12\/Haubanage-clamart-13-300x200.jpg 300w, https:\/\/arboriste-tree-felling.com\/wp-content\/uploads\/2018\/12\/Haubanage-clamart-13-768x512.jpg 768w, https:\/\/arboriste-tree-felling.com\/wp-content\/uploads\/2018\/12\/Haubanage-clamart-13-1024x683.jpg 1024w, https:\/\/arboriste-tree-felling.com\/wp-content\/uploads\/2018\/12\/Haubanage-clamart-13-700x467.jpg 700w, https:\/\/arboriste-tree-felling.com\/wp-content\/uploads\/2018\/12\/Haubanage-clamart-13-520x347.jpg 520w, https:\/\/arboriste-tree-felling.com\/wp-content\/uploads\/2018\/12\/Haubanage-clamart-13-360x240.jpg 360w, https:\/\/arboriste-tree-felling.com\/wp-content\/uploads\/2018\/12\/Haubanage-clamart-13-250x167.jpg 250w, https:\/\/arboriste-tree-felling.com\/wp-content\/uploads\/2018\/12\/Haubanage-clamart-13-100x67.jpg 100w, https:\/\/arboriste-tree-felling.com\/wp-content\/uploads\/2018\/12\/Haubanage-clamart-13-272x182.jpg 272w\" sizes=\"auto, (max-width: 2700px) 100vw, 2700px\" \/>\t\t<\/li>\n\t\t\t\t<li class=\"sow-slider-image\" style=\"visibility: hidden;\" >\n\t\t\t\t\t\t<img loading=\"lazy\" decoding=\"async\" width=\"2700\" height=\"1800\" src=\"https:\/\/arboriste-tree-felling.com\/wp-content\/uploads\/2018\/12\/Haubanage-clamart-7.jpg\" class=\"sow-slider-background-image\" alt=\"Haubanage Clamart 7\" style=\"\" srcset=\"https:\/\/arboriste-tree-felling.com\/wp-content\/uploads\/2018\/12\/Haubanage-clamart-7.jpg 2700w, https:\/\/arboriste-tree-felling.com\/wp-content\/uploads\/2018\/12\/Haubanage-clamart-7-300x200.jpg 300w, https:\/\/arboriste-tree-felling.com\/wp-content\/uploads\/2018\/12\/Haubanage-clamart-7-768x512.jpg 768w, https:\/\/arboriste-tree-felling.com\/wp-content\/uploads\/2018\/12\/Haubanage-clamart-7-1024x683.jpg 1024w, https:\/\/arboriste-tree-felling.com\/wp-content\/uploads\/2018\/12\/Haubanage-clamart-7-700x467.jpg 700w, https:\/\/arboriste-tree-felling.com\/wp-content\/uploads\/2018\/12\/Haubanage-clamart-7-520x347.jpg 520w, https:\/\/arboriste-tree-felling.com\/wp-content\/uploads\/2018\/12\/Haubanage-clamart-7-360x240.jpg 360w, https:\/\/arboriste-tree-felling.com\/wp-content\/uploads\/2018\/12\/Haubanage-clamart-7-250x167.jpg 250w, https:\/\/arboriste-tree-felling.com\/wp-content\/uploads\/2018\/12\/Haubanage-clamart-7-100x67.jpg 100w, https:\/\/arboriste-tree-felling.com\/wp-content\/uploads\/2018\/12\/Haubanage-clamart-7-272x182.jpg 272w\" sizes=\"auto, (max-width: 2700px) 100vw, 2700px\" \/>\t\t<\/li>\n\t\t<\/ul>\t\t\t\t<ol class=\"sow-slider-pagination\">\n\t\t\t\t\t\t\t\t\t\t\t<li><a href=\"#\" data-goto=\"0\" aria-label=\"Display slide 1\"><\/a><\/li>\n\t\t\t\t\t\t\t\t\t\t\t<li><a href=\"#\" data-goto=\"1\" aria-label=\"Display slide 2\"><\/a><\/li>\n\t\t\t\t\t\t\t\t\t\t\t<li><a href=\"#\" data-goto=\"2\" aria-label=\"Display slide 3\"><\/a><\/li>\n\t\t\t\t\t\t\t\t\t\t\t<li><a href=\"#\" data-goto=\"3\" aria-label=\"Display slide 4\"><\/a><\/li>\n\t\t\t\t\t\t\t\t\t\t\t<li><a href=\"#\" data-goto=\"4\" aria-label=\"Display slide 5\"><\/a><\/li>\n\t\t\t\t\t\t\t\t\t\t\t<li><a href=\"#\" data-goto=\"5\" aria-label=\"Display slide 6\"><\/a><\/li>\n\t\t\t\t\t\t\t\t\t\t\t<li><a href=\"#\" data-goto=\"6\" aria-label=\"Display slide 7\"><\/a><\/li>\n\t\t\t\t\t\t\t\t\t\t\t<li><a href=\"#\" data-goto=\"7\" aria-label=\"Display slide 8\"><\/a><\/li>\n\t\t\t\t\t\t\t\t\t\t\t<li><a href=\"#\" data-goto=\"8\" aria-label=\"Display slide 9\"><\/a><\/li>\n\t\t\t\t\t\t\t\t\t\t\t<li><a href=\"#\" data-goto=\"9\" aria-label=\"Display slide 10\"><\/a><\/li>\n\t\t\t\t\t\t\t\t\t\t\t<li><a href=\"#\" data-goto=\"10\" aria-label=\"Display slide 11\"><\/a><\/li>\n\t\t\t\t\t\t\t\t\t\t\t<li><a href=\"#\" data-goto=\"11\" aria-label=\"Display slide 12\"><\/a><\/li>\n\t\t\t\t\t\t\t\t\t\t\t<li><a href=\"#\" data-goto=\"12\" aria-label=\"Display slide 13\"><\/a><\/li>\n\t\t\t\t\t\t\t\t\t<\/ol>\n\n\t\t\t\t<div class=\"sow-slide-nav sow-slide-nav-next\">\n\t\t\t\t\t<a href=\"#\" data-goto=\"next\" aria-label=\"Next slide\" data-action=\"next\">\n\t\t\t\t\t\t<em class=\"sow-sld-icon-thin-right\"><\/em>\n\t\t\t\t\t<\/a>\n\t\t\t\t<\/div>\n\n\t\t\t\t<div class=\"sow-slide-nav sow-slide-nav-prev\">\n\t\t\t\t\t<a href=\"#\" data-goto=\"previous\" aria-label=\"Previous slide\" data-action=\"prev\">\n\t\t\t\t\t\t<em class=\"sow-sld-icon-thin-left\"><\/em>\n\t\t\t\t\t<\/a>\n\t\t\t\t<\/div>\n\t\t\t\t<\/div><\/div><\/div><\/div><\/div><\/div>","protected":false},"excerpt":{"rendered":"<p>Haubanage, soin des arbres, Clamart, Hauts-de-Seine Apr\u00e8s avoir re\u00e7u la foudre, une partie de l&rsquo;arbre avait \u00e9t\u00e9 endommag\u00e9e et mettait en danger les habitations aux alentours. Cependant, comme l\u2019arbre \u00e9tait encore en tr\u00e8s bonne sant\u00e9, nous avons pr\u00e9f\u00e9r\u00e9 effectuer une [&hellip;]<\/p>\n","protected":false},"author":2,"featured_media":608,"parent":0,"menu_order":0,"comment_status":"closed","ping_status":"closed","template":"page-templates\/single-project.php","meta":{"footnotes":""},"class_list":["post-124","page","type-page","status-publish","has-post-thumbnail","hentry","clearfix"],"_links":{"self":[{"href":"https:\/\/arboriste-tree-felling.com\/index.php\/wp-json\/wp\/v2\/pages\/124","targetHints":{"allow":["GET"]}}],"collection":[{"href":"https:\/\/arboriste-tree-felling.com\/index.php\/wp-json\/wp\/v2\/pages"}],"about":[{"href":"https:\/\/arboriste-tree-felling.com\/index.php\/wp-json\/wp\/v2\/types\/page"}],"author":[{"embeddable":true,"href":"https:\/\/arboriste-tree-felling.com\/index.php\/wp-json\/wp\/v2\/users\/2"}],"replies":[{"embeddable":true,"href":"https:\/\/arboriste-tree-felling.com\/index.php\/wp-json\/wp\/v2\/comments?post=124"}],"version-history":[{"count":12,"href":"https:\/\/arboriste-tree-felling.com\/index.php\/wp-json\/wp\/v2\/pages\/124\/revisions"}],"predecessor-version":[{"id":705,"href":"https:\/\/arboriste-tree-felling.com\/index.php\/wp-json\/wp\/v2\/pages\/124\/revisions\/705"}],"wp:featuredmedia":[{"embeddable":true,"href":"https:\/\/arboriste-tree-felling.com\/index.php\/wp-json\/wp\/v2\/media\/608"}],"wp:attachment":[{"href":"https:\/\/arboriste-tree-felling.com\/index.php\/wp-json\/wp\/v2\/media?parent=124"}],"curies":[{"name":"wp","href":"https:\/\/api.w.org\/{rel}","templated":true}]}}