{"id":639,"date":"2018-12-03T20:45:53","date_gmt":"2018-12-03T19:45:53","guid":{"rendered":"http:\/\/arboriste-tree-felling.com\/?page_id=639"},"modified":"2019-03-18T20:55:49","modified_gmt":"2019-03-18T19:55:49","slug":"balisage","status":"publish","type":"page","link":"https:\/\/arboriste-tree-felling.com\/index.php\/balisage\/","title":{"rendered":"Balisage"},"content":{"rendered":"<div id=\"pl-639\"  class=\"panel-layout\" ><div id=\"pg-639-0\"  class=\"panel-grid panel-no-style\" ><div id=\"pgc-639-0-0\"  class=\"panel-grid-cell\" ><div id=\"panel-639-0-0-0\" class=\"widget_text so-panel widget widget_custom_html panel-first-child panel-last-child\" data-index=\"0\" ><div class=\"textwidget custom-html-widget\"><h3>\n\tBalisage d'un chantier en milieu urbain, Yvelines\n<\/h3>\n\n<p>Pour nous, la s\u00e9curit\u00e9 est primordiale sur l'ensemble de nos chantiers. Quelle que soit la mission, nous commen\u00e7ons toujours par un diagnostic du terrain pour mettre en place les \u00e9l\u00e9ments de s\u00e9curit\u00e9 n\u00e9cessaires au bon d\u00e9roulement du chantier. Pour cela, nous disposons du mat\u00e9riel ad\u00e9quate et nous r\u00e9alisons la mise en place de la signalisation dans les milieux urbain. <\/p>\n\n<p>En plus du mat\u00e9riel, nos \u00e9quipes sont uniquement compos\u00e9es de professionnels dipl\u00f4m\u00e9s du CS diagnostic et taille des arbres. C'est en \u00e9tant exigeant lors du recrutement de nos collaborateurs que nous pouvons vous d\u00e9livrer la meilleure qualit\u00e9 de service. <\/p>\n<br>\n<p>Plus de photos :<\/p><\/div><\/div><\/div><\/div><div id=\"pg-639-1\"  class=\"panel-grid panel-no-style\" ><div id=\"pgc-639-1-0\"  class=\"panel-grid-cell\" ><div id=\"panel-639-1-0-0\" class=\"so-panel widget widget_sow-slider panel-first-child panel-last-child\" data-index=\"1\" ><div\n\t\t\t\n\t\t\tclass=\"so-widget-sow-slider so-widget-sow-slider-default-6d39609536fd-639\"\n\t\t\t\n\t\t>\t\t\t\t<div class=\"sow-slider-base\" style=\"display: none\" tabindex=\"0\">\n\t\t\t\t\t<ul\n\t\t\t\t\tclass=\"sow-slider-images\"\n\t\t\t\t\tdata-settings=\"{&quot;pagination&quot;:true,&quot;speed&quot;:800,&quot;timeout&quot;:8000,&quot;paused&quot;:false,&quot;pause_on_hover&quot;:false,&quot;swipe&quot;:true,&quot;nav_always_show_desktop&quot;:&quot;&quot;,&quot;nav_always_show_mobile&quot;:&quot;&quot;,&quot;breakpoint&quot;:&quot;780px&quot;,&quot;unmute&quot;:false,&quot;anchor&quot;:null}\"\n\t\t\t\t\t\t\t\t\t\tdata-anchor-id=\"\"\n\t\t\t\t>\t\t<li class=\"sow-slider-image\" style=\"visibility: visible;\" >\n\t\t\t\t\t\t<img loading=\"lazy\" decoding=\"async\" width=\"2700\" height=\"1800\" src=\"https:\/\/arboriste-tree-felling.com\/wp-content\/uploads\/2018\/12\/Balisage-elagage-1.jpg\" class=\"sow-slider-background-image\" alt=\"Balisage \u00e9lagage 1\" style=\"\" srcset=\"https:\/\/arboriste-tree-felling.com\/wp-content\/uploads\/2018\/12\/Balisage-elagage-1.jpg 2700w, https:\/\/arboriste-tree-felling.com\/wp-content\/uploads\/2018\/12\/Balisage-elagage-1-300x200.jpg 300w, https:\/\/arboriste-tree-felling.com\/wp-content\/uploads\/2018\/12\/Balisage-elagage-1-768x512.jpg 768w, https:\/\/arboriste-tree-felling.com\/wp-content\/uploads\/2018\/12\/Balisage-elagage-1-1024x683.jpg 1024w, https:\/\/arboriste-tree-felling.com\/wp-content\/uploads\/2018\/12\/Balisage-elagage-1-700x467.jpg 700w, https:\/\/arboriste-tree-felling.com\/wp-content\/uploads\/2018\/12\/Balisage-elagage-1-520x347.jpg 520w, https:\/\/arboriste-tree-felling.com\/wp-content\/uploads\/2018\/12\/Balisage-elagage-1-360x240.jpg 360w, https:\/\/arboriste-tree-felling.com\/wp-content\/uploads\/2018\/12\/Balisage-elagage-1-250x167.jpg 250w, https:\/\/arboriste-tree-felling.com\/wp-content\/uploads\/2018\/12\/Balisage-elagage-1-100x67.jpg 100w, https:\/\/arboriste-tree-felling.com\/wp-content\/uploads\/2018\/12\/Balisage-elagage-1-272x182.jpg 272w\" sizes=\"auto, (max-width: 2700px) 100vw, 2700px\" \/>\t\t<\/li>\n\t\t\t\t<li class=\"sow-slider-image\" style=\"visibility: hidden;\" >\n\t\t\t\t\t\t<img loading=\"lazy\" decoding=\"async\" width=\"2700\" height=\"1800\" src=\"https:\/\/arboriste-tree-felling.com\/wp-content\/uploads\/2018\/12\/Balisage-elagage-2.jpg\" class=\"sow-slider-background-image\" alt=\"Balisage \u00e9lagage 2\" style=\"\" srcset=\"https:\/\/arboriste-tree-felling.com\/wp-content\/uploads\/2018\/12\/Balisage-elagage-2.jpg 2700w, https:\/\/arboriste-tree-felling.com\/wp-content\/uploads\/2018\/12\/Balisage-elagage-2-300x200.jpg 300w, https:\/\/arboriste-tree-felling.com\/wp-content\/uploads\/2018\/12\/Balisage-elagage-2-768x512.jpg 768w, https:\/\/arboriste-tree-felling.com\/wp-content\/uploads\/2018\/12\/Balisage-elagage-2-1024x683.jpg 1024w, https:\/\/arboriste-tree-felling.com\/wp-content\/uploads\/2018\/12\/Balisage-elagage-2-700x467.jpg 700w, https:\/\/arboriste-tree-felling.com\/wp-content\/uploads\/2018\/12\/Balisage-elagage-2-520x347.jpg 520w, https:\/\/arboriste-tree-felling.com\/wp-content\/uploads\/2018\/12\/Balisage-elagage-2-360x240.jpg 360w, https:\/\/arboriste-tree-felling.com\/wp-content\/uploads\/2018\/12\/Balisage-elagage-2-250x167.jpg 250w, https:\/\/arboriste-tree-felling.com\/wp-content\/uploads\/2018\/12\/Balisage-elagage-2-100x67.jpg 100w, https:\/\/arboriste-tree-felling.com\/wp-content\/uploads\/2018\/12\/Balisage-elagage-2-272x182.jpg 272w\" sizes=\"auto, (max-width: 2700px) 100vw, 2700px\" \/>\t\t<\/li>\n\t\t\t\t<li class=\"sow-slider-image\" style=\"visibility: hidden;\" >\n\t\t\t\t\t\t<img loading=\"lazy\" decoding=\"async\" width=\"2700\" height=\"1800\" src=\"https:\/\/arboriste-tree-felling.com\/wp-content\/uploads\/2018\/12\/Balisage-elagage-3.jpg\" class=\"sow-slider-background-image\" alt=\"Balisage \u00e9lagage 3\" style=\"\" srcset=\"https:\/\/arboriste-tree-felling.com\/wp-content\/uploads\/2018\/12\/Balisage-elagage-3.jpg 2700w, https:\/\/arboriste-tree-felling.com\/wp-content\/uploads\/2018\/12\/Balisage-elagage-3-300x200.jpg 300w, https:\/\/arboriste-tree-felling.com\/wp-content\/uploads\/2018\/12\/Balisage-elagage-3-768x512.jpg 768w, https:\/\/arboriste-tree-felling.com\/wp-content\/uploads\/2018\/12\/Balisage-elagage-3-1024x683.jpg 1024w, https:\/\/arboriste-tree-felling.com\/wp-content\/uploads\/2018\/12\/Balisage-elagage-3-700x467.jpg 700w, https:\/\/arboriste-tree-felling.com\/wp-content\/uploads\/2018\/12\/Balisage-elagage-3-520x347.jpg 520w, https:\/\/arboriste-tree-felling.com\/wp-content\/uploads\/2018\/12\/Balisage-elagage-3-360x240.jpg 360w, https:\/\/arboriste-tree-felling.com\/wp-content\/uploads\/2018\/12\/Balisage-elagage-3-250x167.jpg 250w, https:\/\/arboriste-tree-felling.com\/wp-content\/uploads\/2018\/12\/Balisage-elagage-3-100x67.jpg 100w, https:\/\/arboriste-tree-felling.com\/wp-content\/uploads\/2018\/12\/Balisage-elagage-3-272x182.jpg 272w\" sizes=\"auto, (max-width: 2700px) 100vw, 2700px\" \/>\t\t<\/li>\n\t\t<\/ul>\t\t\t\t<ol class=\"sow-slider-pagination\">\n\t\t\t\t\t\t\t\t\t\t\t<li><a href=\"#\" data-goto=\"0\" aria-label=\"Display slide 1\"><\/a><\/li>\n\t\t\t\t\t\t\t\t\t\t\t<li><a href=\"#\" data-goto=\"1\" aria-label=\"Display slide 2\"><\/a><\/li>\n\t\t\t\t\t\t\t\t\t\t\t<li><a href=\"#\" data-goto=\"2\" aria-label=\"Display slide 3\"><\/a><\/li>\n\t\t\t\t\t\t\t\t\t<\/ol>\n\n\t\t\t\t<div class=\"sow-slide-nav sow-slide-nav-next\">\n\t\t\t\t\t<a href=\"#\" data-goto=\"next\" aria-label=\"Next slide\" data-action=\"next\">\n\t\t\t\t\t\t<em class=\"sow-sld-icon-thin-right\"><\/em>\n\t\t\t\t\t<\/a>\n\t\t\t\t<\/div>\n\n\t\t\t\t<div class=\"sow-slide-nav sow-slide-nav-prev\">\n\t\t\t\t\t<a href=\"#\" data-goto=\"previous\" aria-label=\"Previous slide\" data-action=\"prev\">\n\t\t\t\t\t\t<em class=\"sow-sld-icon-thin-left\"><\/em>\n\t\t\t\t\t<\/a>\n\t\t\t\t<\/div>\n\t\t\t\t<\/div><\/div><\/div><\/div><\/div><\/div>","protected":false},"excerpt":{"rendered":"<p>Balisage d&rsquo;un chantier en milieu urbain, Yvelines Pour nous, la s\u00e9curit\u00e9 est primordiale sur l&rsquo;ensemble de nos chantiers. Quelle que soit la mission, nous commen\u00e7ons toujours par un diagnostic du terrain pour mettre en place les \u00e9l\u00e9ments de s\u00e9curit\u00e9 n\u00e9cessaires [&hellip;]<\/p>\n","protected":false},"author":1,"featured_media":640,"parent":0,"menu_order":0,"comment_status":"closed","ping_status":"closed","template":"page-templates\/single-project.php","meta":{"footnotes":""},"class_list":["post-639","page","type-page","status-publish","has-post-thumbnail","hentry","clearfix"],"_links":{"self":[{"href":"https:\/\/arboriste-tree-felling.com\/index.php\/wp-json\/wp\/v2\/pages\/639","targetHints":{"allow":["GET"]}}],"collection":[{"href":"https:\/\/arboriste-tree-felling.com\/index.php\/wp-json\/wp\/v2\/pages"}],"about":[{"href":"https:\/\/arboriste-tree-felling.com\/index.php\/wp-json\/wp\/v2\/types\/page"}],"author":[{"embeddable":true,"href":"https:\/\/arboriste-tree-felling.com\/index.php\/wp-json\/wp\/v2\/users\/1"}],"replies":[{"embeddable":true,"href":"https:\/\/arboriste-tree-felling.com\/index.php\/wp-json\/wp\/v2\/comments?post=639"}],"version-history":[{"count":6,"href":"https:\/\/arboriste-tree-felling.com\/index.php\/wp-json\/wp\/v2\/pages\/639\/revisions"}],"predecessor-version":[{"id":701,"href":"https:\/\/arboriste-tree-felling.com\/index.php\/wp-json\/wp\/v2\/pages\/639\/revisions\/701"}],"wp:featuredmedia":[{"embeddable":true,"href":"https:\/\/arboriste-tree-felling.com\/index.php\/wp-json\/wp\/v2\/media\/640"}],"wp:attachment":[{"href":"https:\/\/arboriste-tree-felling.com\/index.php\/wp-json\/wp\/v2\/media?parent=639"}],"curies":[{"name":"wp","href":"https:\/\/api.w.org\/{rel}","templated":true}]}}