{"id":645,"date":"2018-12-03T21:26:58","date_gmt":"2018-12-03T20:26:58","guid":{"rendered":"http:\/\/arboriste-tree-felling.com\/?page_id=645"},"modified":"2019-03-18T21:12:07","modified_gmt":"2019-03-18T20:12:07","slug":"taille-nacelle","status":"publish","type":"page","link":"https:\/\/arboriste-tree-felling.com\/index.php\/taille-nacelle\/","title":{"rendered":"Taille nacelle"},"content":{"rendered":"<div id=\"pl-645\"  class=\"panel-layout\" ><div id=\"pg-645-0\"  class=\"panel-grid panel-no-style\" ><div id=\"pgc-645-0-0\"  class=\"panel-grid-cell\" ><div id=\"panel-645-0-0-0\" class=\"widget_text so-panel widget widget_custom_html panel-first-child panel-last-child\" data-index=\"0\" ><div class=\"textwidget custom-html-widget\"><h3>\n\tTaille Nacelle, \u00e0 La Fondation des Apprentis d'Auteil, Hauts-de-Seine\n<\/h3>\n\n<p>Nous disposons du mat\u00e9riel n\u00e9cessaire pour tout type d'intervention. Nous sommes notamment exp\u00e9riment\u00e9 pour effectuer des travaux de taille en utilisant des nacelles. Nous disposons aussi de tout le mat\u00e9riel n\u00e9cessaire \u00e0 la r\u00e9cup\u00e9ration des d\u00e9chets v\u00e9g\u00e9taux g\u00e9n\u00e9r\u00e9s par la taille de vos arbres. De plus, nous mettons un point d'honneur \u00e0 utiliser de plus en plus d'outils \u00e9lectriques pour limiter l'impact \u00e9cologique de nos interventions. <\/p>\n\n<p>C'est gr\u00e2ce \u00e0 cette large vari\u00e9t\u00e9 d'outils et de machines que nous pouvons r\u00e9pondre \u00e0 l'ensemble de vos demandes.<\/p>\n<br>\n<p>Plus de photos :<\/p>\n<\/div><\/div><\/div><\/div><div id=\"pg-645-1\"  class=\"panel-grid panel-no-style\" ><div id=\"pgc-645-1-0\"  class=\"panel-grid-cell\" ><div id=\"panel-645-1-0-0\" class=\"so-panel widget widget_sow-slider panel-first-child panel-last-child\" data-index=\"1\" ><div\n\t\t\t\n\t\t\tclass=\"so-widget-sow-slider so-widget-sow-slider-default-6d39609536fd-645\"\n\t\t\t\n\t\t>\t\t\t\t<div class=\"sow-slider-base\" style=\"display: none\" tabindex=\"0\">\n\t\t\t\t\t<ul\n\t\t\t\t\tclass=\"sow-slider-images\"\n\t\t\t\t\tdata-settings=\"{&quot;pagination&quot;:true,&quot;speed&quot;:800,&quot;timeout&quot;:8000,&quot;paused&quot;:false,&quot;pause_on_hover&quot;:false,&quot;swipe&quot;:true,&quot;nav_always_show_desktop&quot;:&quot;&quot;,&quot;nav_always_show_mobile&quot;:&quot;&quot;,&quot;breakpoint&quot;:&quot;780px&quot;,&quot;unmute&quot;:false,&quot;anchor&quot;:null}\"\n\t\t\t\t\t\t\t\t\t\tdata-anchor-id=\"\"\n\t\t\t\t>\t\t<li class=\"sow-slider-image\" style=\"visibility: visible;\" >\n\t\t\t\t\t\t<img loading=\"lazy\" decoding=\"async\" width=\"2700\" height=\"1800\" src=\"https:\/\/arboriste-tree-felling.com\/wp-content\/uploads\/2018\/12\/Taille-nacele-1.jpg\" class=\"sow-slider-background-image\" alt=\"Taille nacelle 1\" style=\"\" srcset=\"https:\/\/arboriste-tree-felling.com\/wp-content\/uploads\/2018\/12\/Taille-nacele-1.jpg 2700w, https:\/\/arboriste-tree-felling.com\/wp-content\/uploads\/2018\/12\/Taille-nacele-1-300x200.jpg 300w, https:\/\/arboriste-tree-felling.com\/wp-content\/uploads\/2018\/12\/Taille-nacele-1-768x512.jpg 768w, https:\/\/arboriste-tree-felling.com\/wp-content\/uploads\/2018\/12\/Taille-nacele-1-1024x683.jpg 1024w, https:\/\/arboriste-tree-felling.com\/wp-content\/uploads\/2018\/12\/Taille-nacele-1-700x467.jpg 700w, https:\/\/arboriste-tree-felling.com\/wp-content\/uploads\/2018\/12\/Taille-nacele-1-520x347.jpg 520w, https:\/\/arboriste-tree-felling.com\/wp-content\/uploads\/2018\/12\/Taille-nacele-1-360x240.jpg 360w, https:\/\/arboriste-tree-felling.com\/wp-content\/uploads\/2018\/12\/Taille-nacele-1-250x167.jpg 250w, https:\/\/arboriste-tree-felling.com\/wp-content\/uploads\/2018\/12\/Taille-nacele-1-100x67.jpg 100w, https:\/\/arboriste-tree-felling.com\/wp-content\/uploads\/2018\/12\/Taille-nacele-1-272x182.jpg 272w\" sizes=\"auto, (max-width: 2700px) 100vw, 2700px\" \/>\t\t<\/li>\n\t\t\t\t<li class=\"sow-slider-image\" style=\"visibility: hidden;\" >\n\t\t\t\t\t\t<img loading=\"lazy\" decoding=\"async\" width=\"1800\" height=\"2700\" src=\"https:\/\/arboriste-tree-felling.com\/wp-content\/uploads\/2018\/12\/Taille-nacele-2.jpg\" class=\"sow-slider-background-image\" alt=\"Taille nacelle 2\" style=\"\" srcset=\"https:\/\/arboriste-tree-felling.com\/wp-content\/uploads\/2018\/12\/Taille-nacele-2.jpg 1800w, https:\/\/arboriste-tree-felling.com\/wp-content\/uploads\/2018\/12\/Taille-nacele-2-200x300.jpg 200w, https:\/\/arboriste-tree-felling.com\/wp-content\/uploads\/2018\/12\/Taille-nacele-2-768x1152.jpg 768w, https:\/\/arboriste-tree-felling.com\/wp-content\/uploads\/2018\/12\/Taille-nacele-2-683x1024.jpg 683w, https:\/\/arboriste-tree-felling.com\/wp-content\/uploads\/2018\/12\/Taille-nacele-2-700x1050.jpg 700w, https:\/\/arboriste-tree-felling.com\/wp-content\/uploads\/2018\/12\/Taille-nacele-2-520x780.jpg 520w, https:\/\/arboriste-tree-felling.com\/wp-content\/uploads\/2018\/12\/Taille-nacele-2-360x540.jpg 360w, https:\/\/arboriste-tree-felling.com\/wp-content\/uploads\/2018\/12\/Taille-nacele-2-250x375.jpg 250w, https:\/\/arboriste-tree-felling.com\/wp-content\/uploads\/2018\/12\/Taille-nacele-2-100x150.jpg 100w\" sizes=\"auto, (max-width: 1800px) 100vw, 1800px\" \/>\t\t<\/li>\n\t\t\t\t<li class=\"sow-slider-image\" style=\"visibility: hidden;\" >\n\t\t\t\t\t\t<img loading=\"lazy\" decoding=\"async\" width=\"2700\" height=\"1800\" src=\"https:\/\/arboriste-tree-felling.com\/wp-content\/uploads\/2018\/12\/Taille-nacele-3.jpg\" class=\"sow-slider-background-image\" alt=\"Taille nacelle 3\" style=\"\" srcset=\"https:\/\/arboriste-tree-felling.com\/wp-content\/uploads\/2018\/12\/Taille-nacele-3.jpg 2700w, https:\/\/arboriste-tree-felling.com\/wp-content\/uploads\/2018\/12\/Taille-nacele-3-300x200.jpg 300w, https:\/\/arboriste-tree-felling.com\/wp-content\/uploads\/2018\/12\/Taille-nacele-3-768x512.jpg 768w, https:\/\/arboriste-tree-felling.com\/wp-content\/uploads\/2018\/12\/Taille-nacele-3-1024x683.jpg 1024w, https:\/\/arboriste-tree-felling.com\/wp-content\/uploads\/2018\/12\/Taille-nacele-3-700x467.jpg 700w, https:\/\/arboriste-tree-felling.com\/wp-content\/uploads\/2018\/12\/Taille-nacele-3-520x347.jpg 520w, https:\/\/arboriste-tree-felling.com\/wp-content\/uploads\/2018\/12\/Taille-nacele-3-360x240.jpg 360w, https:\/\/arboriste-tree-felling.com\/wp-content\/uploads\/2018\/12\/Taille-nacele-3-250x167.jpg 250w, https:\/\/arboriste-tree-felling.com\/wp-content\/uploads\/2018\/12\/Taille-nacele-3-100x67.jpg 100w, https:\/\/arboriste-tree-felling.com\/wp-content\/uploads\/2018\/12\/Taille-nacele-3-272x182.jpg 272w\" sizes=\"auto, (max-width: 2700px) 100vw, 2700px\" \/>\t\t<\/li>\n\t\t<\/ul>\t\t\t\t<ol class=\"sow-slider-pagination\">\n\t\t\t\t\t\t\t\t\t\t\t<li><a href=\"#\" data-goto=\"0\" aria-label=\"Display slide 1\"><\/a><\/li>\n\t\t\t\t\t\t\t\t\t\t\t<li><a href=\"#\" data-goto=\"1\" aria-label=\"Display slide 2\"><\/a><\/li>\n\t\t\t\t\t\t\t\t\t\t\t<li><a href=\"#\" data-goto=\"2\" aria-label=\"Display slide 3\"><\/a><\/li>\n\t\t\t\t\t\t\t\t\t<\/ol>\n\n\t\t\t\t<div class=\"sow-slide-nav sow-slide-nav-next\">\n\t\t\t\t\t<a href=\"#\" data-goto=\"next\" aria-label=\"Next slide\" data-action=\"next\">\n\t\t\t\t\t\t<em class=\"sow-sld-icon-thin-right\"><\/em>\n\t\t\t\t\t<\/a>\n\t\t\t\t<\/div>\n\n\t\t\t\t<div class=\"sow-slide-nav sow-slide-nav-prev\">\n\t\t\t\t\t<a href=\"#\" data-goto=\"previous\" aria-label=\"Previous slide\" data-action=\"prev\">\n\t\t\t\t\t\t<em class=\"sow-sld-icon-thin-left\"><\/em>\n\t\t\t\t\t<\/a>\n\t\t\t\t<\/div>\n\t\t\t\t<\/div><\/div><\/div><\/div><\/div><\/div>","protected":false},"excerpt":{"rendered":"<p>Taille Nacelle, \u00e0 La Fondation des Apprentis d&rsquo;Auteil, Hauts-de-Seine Nous disposons du mat\u00e9riel n\u00e9cessaire pour tout type d&rsquo;intervention. Nous sommes notamment exp\u00e9riment\u00e9 pour effectuer des travaux de taille en utilisant des nacelles. Nous disposons aussi de tout le mat\u00e9riel n\u00e9cessaire [&hellip;]<\/p>\n","protected":false},"author":1,"featured_media":646,"parent":0,"menu_order":0,"comment_status":"closed","ping_status":"closed","template":"page-templates\/single-project.php","meta":{"footnotes":""},"class_list":["post-645","page","type-page","status-publish","has-post-thumbnail","hentry","clearfix"],"_links":{"self":[{"href":"https:\/\/arboriste-tree-felling.com\/index.php\/wp-json\/wp\/v2\/pages\/645","targetHints":{"allow":["GET"]}}],"collection":[{"href":"https:\/\/arboriste-tree-felling.com\/index.php\/wp-json\/wp\/v2\/pages"}],"about":[{"href":"https:\/\/arboriste-tree-felling.com\/index.php\/wp-json\/wp\/v2\/types\/page"}],"author":[{"embeddable":true,"href":"https:\/\/arboriste-tree-felling.com\/index.php\/wp-json\/wp\/v2\/users\/1"}],"replies":[{"embeddable":true,"href":"https:\/\/arboriste-tree-felling.com\/index.php\/wp-json\/wp\/v2\/comments?post=645"}],"version-history":[{"count":13,"href":"https:\/\/arboriste-tree-felling.com\/index.php\/wp-json\/wp\/v2\/pages\/645\/revisions"}],"predecessor-version":[{"id":709,"href":"https:\/\/arboriste-tree-felling.com\/index.php\/wp-json\/wp\/v2\/pages\/645\/revisions\/709"}],"wp:featuredmedia":[{"embeddable":true,"href":"https:\/\/arboriste-tree-felling.com\/index.php\/wp-json\/wp\/v2\/media\/646"}],"wp:attachment":[{"href":"https:\/\/arboriste-tree-felling.com\/index.php\/wp-json\/wp\/v2\/media?parent=645"}],"curies":[{"name":"wp","href":"https:\/\/api.w.org\/{rel}","templated":true}]}}