{"id":86,"date":"2018-02-19T14:40:03","date_gmt":"2018-02-19T13:40:03","guid":{"rendered":"http:\/\/demo.athemes.com\/astrid\/?page_id=86"},"modified":"2018-12-09T19:27:28","modified_gmt":"2018-12-09T18:27:28","slug":"abattage-demontage","status":"publish","type":"page","link":"https:\/\/arboriste-tree-felling.com\/index.php\/abattage-demontage\/","title":{"rendered":"Abattage \/ D\u00e9montage"},"content":{"rendered":"<p style=\"text-align: justify;\"><em>Abattage, d\u00e9montage avec r\u00e9tention, d\u00e9montage d&rsquo;arbres en situation d\u00e9licate.<\/em><\/p>\n<p><!--more--><\/p>\n<p style=\"text-align: justify;\">Gr\u00e2ce \u00e0 nos nombreuses ann\u00e9es d&rsquo;exp\u00e9riences \u00e0 travailler au quotidien dans des environnement urbain complexe, nos \u00e9quipes seront s&rsquo;adapter \u00e0 toutes vos demandes pour des chantiers d&rsquo;abattage ou de d\u00e9montage, et ceux quel que soit la difficult\u00e9 de l&rsquo;environnement urbain ou de la complexit\u00e9 de l&rsquo;espace de vos jardins.<\/p>\n<p style=\"text-align: justify;\">Avant chaque chantier nous \u00e9tudions la solution la plus adapt\u00e9e pour vos abattages et d\u00e9montages et nous pouvons utiliser des syst\u00e8mes de r\u00e9tention par corde, poulie, tyrolienne, cylindro-flexion et winch. La priorit\u00e9 pour nos \u00e9quipes restera toujours la s\u00e9curit\u00e9 et la protection de l&rsquo;espace de chantier et de ses alentours.<\/p>\n<p style=\"text-align: justify;\">Afin d&rsquo;effectu\u00e9 les travaux en toute s\u00e9curit\u00e9, l&rsquo;ensemble de nos \u00e9quipes sont titulaires du <a href=\"http:\/\/www.onisep.fr\/Ressources\/Univers-Formation\/Formations\/Lycees\/CS-Diagnostic-et-taille-des-arbres\">CS taille et soin des arbres<\/a>. Deux arboristes, au minimum, doivent \u00eatre pr\u00e9sent sur chacun de nos chantiers pour assurer le bon d\u00e9roulement des op\u00e9rations. Ce genre de mesures, trop souvent non respect\u00e9es sur les chantiers d&rsquo;abattage et de d\u00e9montage, sont pourtant indispensable pour \u00e9viter tout incident et d\u00e9g\u00e2t sur votre propri\u00e9t\u00e9.<\/p>\n<p style=\"text-align: justify;\">Nos \u00e9quipes respectent en toutes circonstances les obligations de s\u00e9curit\u00e9 tel que le port du casque et des EPI (\u00e9l\u00e9ments de protections individuels). De plus, nous nous occupons et apportons un soin particulier \u00e0 la s\u00e9curisation et au balisage de la zone de chantier.<\/p>\n","protected":false},"excerpt":{"rendered":"<p>Abattage, d\u00e9montage avec r\u00e9tention, d\u00e9montage d&rsquo;arbres en situation d\u00e9licate.<\/p>\n","protected":false},"author":2,"featured_media":327,"parent":0,"menu_order":0,"comment_status":"closed","ping_status":"closed","template":"page-templates\/single-service.php","meta":{"footnotes":""},"class_list":["post-86","page","type-page","status-publish","has-post-thumbnail","hentry","clearfix"],"_links":{"self":[{"href":"https:\/\/arboriste-tree-felling.com\/index.php\/wp-json\/wp\/v2\/pages\/86","targetHints":{"allow":["GET"]}}],"collection":[{"href":"https:\/\/arboriste-tree-felling.com\/index.php\/wp-json\/wp\/v2\/pages"}],"about":[{"href":"https:\/\/arboriste-tree-felling.com\/index.php\/wp-json\/wp\/v2\/types\/page"}],"author":[{"embeddable":true,"href":"https:\/\/arboriste-tree-felling.com\/index.php\/wp-json\/wp\/v2\/users\/2"}],"replies":[{"embeddable":true,"href":"https:\/\/arboriste-tree-felling.com\/index.php\/wp-json\/wp\/v2\/comments?post=86"}],"version-history":[{"count":12,"href":"https:\/\/arboriste-tree-felling.com\/index.php\/wp-json\/wp\/v2\/pages\/86\/revisions"}],"predecessor-version":[{"id":674,"href":"https:\/\/arboriste-tree-felling.com\/index.php\/wp-json\/wp\/v2\/pages\/86\/revisions\/674"}],"wp:featuredmedia":[{"embeddable":true,"href":"https:\/\/arboriste-tree-felling.com\/index.php\/wp-json\/wp\/v2\/media\/327"}],"wp:attachment":[{"href":"https:\/\/arboriste-tree-felling.com\/index.php\/wp-json\/wp\/v2\/media?parent=86"}],"curies":[{"name":"wp","href":"https:\/\/api.w.org\/{rel}","templated":true}]}}