{"id":88,"date":"2018-02-17T14:40:18","date_gmt":"2018-02-17T13:40:18","guid":{"rendered":"http:\/\/demo.athemes.com\/astrid\/?page_id=88"},"modified":"2019-03-18T20:51:34","modified_gmt":"2019-03-18T19:51:34","slug":"tailles-elagage","status":"publish","type":"page","link":"https:\/\/arboriste-tree-felling.com\/index.php\/tailles-elagage\/","title":{"rendered":"Taille \/ \u00c9lagage"},"content":{"rendered":"<p><em>\u00c9lagage, Taille raisonn\u00e9, taille de cohabitation, taille architectur\u00e9e, taille japonaise style nuage, taille de r\u00e9duction, taille sur t\u00eate de chat, taille douce, taille d&rsquo;\u00e9claircie, taille d&rsquo;arbres fruit\u00e9s, taille de v\u00e9g\u00e9taux grimpants sur fa\u00e7ade et\u00a0taille de lierre.<\/em><\/p>\n<p>Nous sommes \u00e0 votre disposition pour tout type de tailles sur tout type d&rsquo;essence d&rsquo;arbre en tenant compte de la contrainte environnementale et des sp\u00e9cificit\u00e9s d\u00fb \u00e0 chacun des sujets : ch\u00eanes, marronnier, \u00e9rable, platane, acacia, tilleul, &#8230;<\/p>\n<p>Quel que soit la raison de l&rsquo;\u00e9lagage : raison de s\u00e9curit\u00e9, de luminosit\u00e9, contrainte d\u00fb \u00e0 votre habitation ou au r\u00e9seau a\u00e9rien, nous intervenons en taille et \u00e9lagage. Toutes interventions sera pens\u00e9e en amont en coop\u00e9ration avec vous pour obtenir le r\u00e9sultat le plus adapt\u00e9 pour l&rsquo;arbre et pour votre demande.<\/p>\n<p>Les arbres \u00e9tant l\u00e0 avant nous, le contexte urbain nous oblige \u00e0 effectuer des travaux d&rsquo;arboriculture appropri\u00e9. Notre longue exp\u00e9rience d&rsquo;op\u00e9rations en r\u00e9gion parisienne et dans Paris intra-muros nous permet de r\u00e9pondre au mieux \u00e0 ce type de demande.<\/p>\n<p>&nbsp;<\/p>\n","protected":false},"excerpt":{"rendered":"<p>\u00c9lagage, Taille raisonn\u00e9, taille de cohabitation, taille architectur\u00e9e, taille japonaise style nuage, taille de r\u00e9duction, taille sur t\u00eate de chat, taille douce, taille d&rsquo;\u00e9claircie, taille d&rsquo;arbres fruit\u00e9s, taille de v\u00e9g\u00e9taux grimpants sur fa\u00e7ade et\u00a0taille de lierre. Nous sommes \u00e0 votre [&hellip;]<\/p>\n","protected":false},"author":2,"featured_media":336,"parent":0,"menu_order":0,"comment_status":"closed","ping_status":"closed","template":"page-templates\/single-service.php","meta":{"footnotes":""},"class_list":["post-88","page","type-page","status-publish","has-post-thumbnail","hentry","clearfix"],"_links":{"self":[{"href":"https:\/\/arboriste-tree-felling.com\/index.php\/wp-json\/wp\/v2\/pages\/88","targetHints":{"allow":["GET"]}}],"collection":[{"href":"https:\/\/arboriste-tree-felling.com\/index.php\/wp-json\/wp\/v2\/pages"}],"about":[{"href":"https:\/\/arboriste-tree-felling.com\/index.php\/wp-json\/wp\/v2\/types\/page"}],"author":[{"embeddable":true,"href":"https:\/\/arboriste-tree-felling.com\/index.php\/wp-json\/wp\/v2\/users\/2"}],"replies":[{"embeddable":true,"href":"https:\/\/arboriste-tree-felling.com\/index.php\/wp-json\/wp\/v2\/comments?post=88"}],"version-history":[{"count":7,"href":"https:\/\/arboriste-tree-felling.com\/index.php\/wp-json\/wp\/v2\/pages\/88\/revisions"}],"predecessor-version":[{"id":699,"href":"https:\/\/arboriste-tree-felling.com\/index.php\/wp-json\/wp\/v2\/pages\/88\/revisions\/699"}],"wp:featuredmedia":[{"embeddable":true,"href":"https:\/\/arboriste-tree-felling.com\/index.php\/wp-json\/wp\/v2\/media\/336"}],"wp:attachment":[{"href":"https:\/\/arboriste-tree-felling.com\/index.php\/wp-json\/wp\/v2\/media?parent=88"}],"curies":[{"name":"wp","href":"https:\/\/api.w.org\/{rel}","templated":true}]}}